{"id":86148,"date":"2018-12-31T17:04:59","date_gmt":"2018-12-31T17:04:59","guid":{"rendered":"http:\/\/www.irdin.org.br\/site\/?post_type=product&#038;p=86148"},"modified":"2022-02-01T02:58:35","modified_gmt":"2022-02-01T02:58:35","slug":"die-stimme-amhajs","status":"publish","type":"product","link":"https:\/\/www.irdin.org.br\/site\/produtos\/die-stimme-amhajs\/","title":{"rendered":"Die Stimme Amhajs"},"content":{"rendered":"<p>&#8220;Es gibt weder Regierungen noch Regierende. Das Chaos ist an der Herrschaft. Das ist das Szenario an der Oberfl\u00e4che des Lebens. Wir hatten angek\u00fcndigt, dass es so kommen w\u00fcrde. Aber es gibt andere Wirklichkeiten. Einige kennen sie.&#8221;<\/p>\n<p>&#8220;Es gibt keinen Augenblick zu verlieren. Die guten Menschen h\u00f6ren den Ruf, finden ihn sch\u00f6n, sind ganz bewegt und versammeln ihre Freunde, um \u00fcber ihn zu reden. Sie legen gr\u00f6\u00dferen Wert auf die sozialen<br \/>\nusammenk\u00fcnfte als auf die Rettung eines Planeten, der dabei ist zu explodieren.<br \/>\nAber die St\u00e4rke Meines Schildes wird von denen erkannt werden, die nach oben streben. Die Macht Meines Strahls wird denen enth\u00fcllt werden, die ausharren. Der Glanz Meines Feuers wird in denen erstrahlen, die sich ihm zuwenden.&#8221;<\/p>\n<p><a class=\"pdf\" href=\"\/pdf\/Die Stimme Amhajs.pdf\" target=\"_blank\" rel=\"noopener\">Baixar Gratuitamente<\/a><\/p>\n<p>&nbsp;<\/p>\n","protected":false},"excerpt":{"rendered":"<p>&#8220;Es gibt weder Regierungen noch Regierende. Das Chaos ist an der Herrschaft. Das ist das Szenario an der Oberfl\u00e4che des<\/p>\n","protected":false},"featured_media":86149,"template":"","meta":{"_acf_changed":false},"product_brand":[],"product_cat":[33286,17972],"product_tag":[33362],"class_list":{"0":"post-86148","1":"product","2":"type-product","3":"status-publish","4":"has-post-thumbnail","6":"product_cat-livro","7":"product_cat-livros-livro","8":"product_tag-33362","9":"pa_autor-trigueirinho","10":"pa_classe-do-produto-fisico","11":"pa_codigo-de-barras-23326","12":"pa_idioma-de-destino-alemao","13":"pa_idioma-de-origem-portugues","14":"pa_lancamento-no","15":"pa_midia-papel","16":"pa_quantidade-de-paginas-23128","17":"pa_tipo-de-traducao-nao-classificado","19":"first","20":"outofstock","21":"product-type-simple"},"acf":[],"_links":{"self":[{"href":"https:\/\/www.irdin.org.br\/site\/wp-json\/wp\/v2\/product\/86148","targetHints":{"allow":["GET"]}}],"collection":[{"href":"https:\/\/www.irdin.org.br\/site\/wp-json\/wp\/v2\/product"}],"about":[{"href":"https:\/\/www.irdin.org.br\/site\/wp-json\/wp\/v2\/types\/product"}],"version-history":[{"count":0,"href":"https:\/\/www.irdin.org.br\/site\/wp-json\/wp\/v2\/product\/86148\/revisions"}],"wp:featuredmedia":[{"embeddable":true,"href":"https:\/\/www.irdin.org.br\/site\/wp-json\/wp\/v2\/media\/86149"}],"wp:attachment":[{"href":"https:\/\/www.irdin.org.br\/site\/wp-json\/wp\/v2\/media?parent=86148"}],"wp:term":[{"taxonomy":"product_brand","embeddable":true,"href":"https:\/\/www.irdin.org.br\/site\/wp-json\/wp\/v2\/product_brand?post=86148"},{"taxonomy":"product_cat","embeddable":true,"href":"https:\/\/www.irdin.org.br\/site\/wp-json\/wp\/v2\/product_cat?post=86148"},{"taxonomy":"product_tag","embeddable":true,"href":"https:\/\/www.irdin.org.br\/site\/wp-json\/wp\/v2\/product_tag?post=86148"}],"curies":[{"name":"wp","href":"https:\/\/api.w.org\/{rel}","templated":true}]}}