{"id":86152,"date":"2018-12-31T17:23:09","date_gmt":"2018-12-31T17:23:09","guid":{"rendered":"http:\/\/www.irdin.org.br\/site\/?post_type=product&#038;p=86152"},"modified":"2025-03-15T18:33:45","modified_gmt":"2025-03-15T18:33:45","slug":"zeichen-von-blavatsky-eine-ungewohnliche-begegnung-in-der-heutigen-zeit","status":"publish","type":"product","link":"https:\/\/www.irdin.org.br\/site\/produtos\/zeichen-von-blavatsky-eine-ungewohnliche-begegnung-in-der-heutigen-zeit\/","title":{"rendered":"Zeichen von Blavatsky &#8211; Eine ungew\u00f6hnliche Begegnung in der heutigen Zeit"},"content":{"rendered":"<p>&#8220;Die wahre Geschichte der Menschheit kann nicht einer einzigen Gruppe \u00fcbergeben werden. Auch dann nicht, wenn ihre Mitglieder sich f\u00fcr ehrliche Vertreter der ganzen Menschheit halten. Dies ist auch der Grund, warum nicht einmal gro\u00dfe Vertreter der Hierarchien Zugang zur Gesamtheit der geschichtlichen und vorgeschichtlichen Kodizes hatten. In dieser \u00dcbergangszeit, in der eine tiefgreifende Ver\u00e4nderung im physischen Gesamtzusammenhang des Planeten vorauszusehen ist, wird die M\u00f6glichkeit des Zugangs zu dieser Art von Information neu gepr\u00fcft, und das Ergebnis wird gro\u00dfteils davon abh\u00e4ngen, wie Gruppen von Menschen der Erdoberfl\u00e4che der Erf\u00fcllung des Evolutiven Plans nachkommen.&#8221;<\/p>\n<p>In zeieichenhenhen vonon Blavatatsky f\u00fchrt Trigueirinho uns zu einer<br \/>\nReflexion \u00fcber das kosmische Dasein und das Wissen, an dem wir in Zukunft teilhaben sollen. In der Zusammenfassung einer au\u00dfergew\u00f6hnlichen Begegnung erh\u00e4lt der Leser neue Informationen \u00fcber die Essenz einer grundlegenden Wiederentdeckung der alten Weisheit. Er wird eingeladen, Tore in seinem Bewusstsein zu \u00f6ffnen und sich auf das Kommen einer neuen Menschheit vorzubereiten.<\/p>\n<p><a class=\"pdf\" href=\"\/pdf\/Zeichen von Blavatsky_WEB.pdf\" target=\"_blank\" rel=\"noopener\">Baixar Gratuitamente<\/a><\/p>\n<p>&nbsp;<\/p>\n","protected":false},"excerpt":{"rendered":"<p>&#8220;Die wahre Geschichte der Menschheit kann nicht einer einzigen Gruppe \u00fcbergeben werden. Auch dann nicht, wenn ihre Mitglieder sich f\u00fcr<\/p>\n","protected":false},"featured_media":86153,"template":"","meta":{"_acf_changed":false},"product_brand":[],"product_cat":[33286,17972],"product_tag":[33362],"class_list":{"0":"post-86152","1":"product","2":"type-product","3":"status-publish","4":"has-post-thumbnail","6":"product_cat-livro","7":"product_cat-livros-livro","8":"product_tag-33362","9":"pa_autor-trigueirinho","10":"pa_classe-do-produto-fisico","11":"pa_codigo-de-barras-23562","12":"pa_idioma-de-destino-alemao","13":"pa_idioma-de-origem-portugues","14":"pa_lancamento-no","15":"pa_midia-papel","16":"pa_quantidade-de-paginas-23332","17":"pa_tipo-de-traducao-nao-classificado","19":"first","20":"outofstock","21":"product-type-simple"},"acf":[],"_links":{"self":[{"href":"https:\/\/www.irdin.org.br\/site\/wp-json\/wp\/v2\/product\/86152","targetHints":{"allow":["GET"]}}],"collection":[{"href":"https:\/\/www.irdin.org.br\/site\/wp-json\/wp\/v2\/product"}],"about":[{"href":"https:\/\/www.irdin.org.br\/site\/wp-json\/wp\/v2\/types\/product"}],"version-history":[{"count":1,"href":"https:\/\/www.irdin.org.br\/site\/wp-json\/wp\/v2\/product\/86152\/revisions"}],"predecessor-version":[{"id":108272,"href":"https:\/\/www.irdin.org.br\/site\/wp-json\/wp\/v2\/product\/86152\/revisions\/108272"}],"wp:featuredmedia":[{"embeddable":true,"href":"https:\/\/www.irdin.org.br\/site\/wp-json\/wp\/v2\/media\/86153"}],"wp:attachment":[{"href":"https:\/\/www.irdin.org.br\/site\/wp-json\/wp\/v2\/media?parent=86152"}],"wp:term":[{"taxonomy":"product_brand","embeddable":true,"href":"https:\/\/www.irdin.org.br\/site\/wp-json\/wp\/v2\/product_brand?post=86152"},{"taxonomy":"product_cat","embeddable":true,"href":"https:\/\/www.irdin.org.br\/site\/wp-json\/wp\/v2\/product_cat?post=86152"},{"taxonomy":"product_tag","embeddable":true,"href":"https:\/\/www.irdin.org.br\/site\/wp-json\/wp\/v2\/product_tag?post=86152"}],"curies":[{"name":"wp","href":"https:\/\/api.w.org\/{rel}","templated":true}]}}