{"id":86186,"date":"2019-01-11T12:57:33","date_gmt":"2019-01-11T12:57:33","guid":{"rendered":"http:\/\/www.irdin.org.br\/site\/?post_type=product&#038;p=86186"},"modified":"2024-09-09T02:53:01","modified_gmt":"2024-09-09T02:53:01","slug":"sintonias","status":"publish","type":"product","link":"https:\/\/www.irdin.org.br\/site\/produtos\/sintonias\/","title":{"rendered":"Sintonias"},"content":{"rendered":"<p><em>Se erguermos o enfoque da consci\u00eancia, poderemos comunicar-nos com a ess\u00eancia das demais criaturas e do universo inteiro por meio do nosso n\u00facleo interno.<\/em><\/p>\n<p>&nbsp;<br \/>\n<strong>Ou\u00e7a agora:<\/strong><\/p>\n<p><span data-href=\"https:\/\/www.irdin.org.br\/site\/envios\/audios\/0014_0224__por_por__sintonias.mp3\" data-title=\"sintonias\" data-rel=\"\" data-target=\"\" data-meta=\"#fap-meta-69e29e157fe73\" class=\"fap-single-track fap-track-button fap-play-button\" data-enqueue=\"no\" data-autoenqueue=\"no\" title=\"sintonias\"><span class=\"fap-icon-play\"><\/span>Ouvir<\/span> <a href=\"https:\/\/www.irdin.org.br\/site\/envios\/audios\/0014_0224__por_por__sintonias.mp3\" class=\"baixar\" download><span class=\"fa fa-arrow-down\"><\/span>Baixar<\/span><\/a> <span class=\"textobaixar\"> sintonias<\/span><\/p>\n<p>&nbsp;<\/p>\n","protected":false},"excerpt":{"rendered":"<p>Se erguermos o enfoque da consci\u00eancia, poderemos comunicar-nos com a ess\u00eancia das demais criaturas e do universo inteiro por meio<\/p>\n","protected":false},"featured_media":37803,"template":"","meta":{"_acf_changed":false},"product_brand":[],"product_cat":[18076,33068],"product_tag":[43690],"class_list":{"0":"post-86186","1":"product","2":"type-product","3":"status-publish","4":"has-post-thumbnail","6":"product_cat-cddvd","7":"product_cat-palestras","8":"product_tag-43690","9":"pa_autor-trigueirinho","10":"pa_codigo-da-serie-32103","11":"pa_codigo-externo-00140224porcd","12":"pa_data-de-gravacao-19142","13":"pa_duracao-50min","14":"pa_idioma-de-destino-portugues","15":"pa_idioma-de-origem-portugues","16":"pa_lancamento-no","17":"pa_midia-cd","18":"pa_moac-43689","19":"pa_sequencial-da-serie-32459","20":"pa_tipo-de-traducao-nao-classificado","22":"first","23":"outofstock","24":"product-type-simple"},"acf":[],"_links":{"self":[{"href":"https:\/\/www.irdin.org.br\/site\/wp-json\/wp\/v2\/product\/86186","targetHints":{"allow":["GET"]}}],"collection":[{"href":"https:\/\/www.irdin.org.br\/site\/wp-json\/wp\/v2\/product"}],"about":[{"href":"https:\/\/www.irdin.org.br\/site\/wp-json\/wp\/v2\/types\/product"}],"version-history":[{"count":1,"href":"https:\/\/www.irdin.org.br\/site\/wp-json\/wp\/v2\/product\/86186\/revisions"}],"predecessor-version":[{"id":106993,"href":"https:\/\/www.irdin.org.br\/site\/wp-json\/wp\/v2\/product\/86186\/revisions\/106993"}],"wp:featuredmedia":[{"embeddable":true,"href":"https:\/\/www.irdin.org.br\/site\/wp-json\/wp\/v2\/media\/37803"}],"wp:attachment":[{"href":"https:\/\/www.irdin.org.br\/site\/wp-json\/wp\/v2\/media?parent=86186"}],"wp:term":[{"taxonomy":"product_brand","embeddable":true,"href":"https:\/\/www.irdin.org.br\/site\/wp-json\/wp\/v2\/product_brand?post=86186"},{"taxonomy":"product_cat","embeddable":true,"href":"https:\/\/www.irdin.org.br\/site\/wp-json\/wp\/v2\/product_cat?post=86186"},{"taxonomy":"product_tag","embeddable":true,"href":"https:\/\/www.irdin.org.br\/site\/wp-json\/wp\/v2\/product_tag?post=86186"}],"curies":[{"name":"wp","href":"https:\/\/api.w.org\/{rel}","templated":true}]}}