{"id":86188,"date":"2019-01-11T13:26:11","date_gmt":"2019-01-11T13:26:11","guid":{"rendered":"http:\/\/www.irdin.org.br\/site\/?post_type=product&#038;p=86188"},"modified":"2024-09-09T02:52:35","modified_gmt":"2024-09-09T02:52:35","slug":"irma-arvore","status":"publish","type":"product","link":"https:\/\/www.irdin.org.br\/site\/produtos\/irma-arvore\/","title":{"rendered":"Irm\u00e3 \u00e1rvore"},"content":{"rendered":"<p><em>As \u00e1rvores captam dos c\u00e9us energias transformadoras e s\u00e3o parte da vida de todos os habitantes da Terra. Ao reconhecer sua ampla fun\u00e7\u00e3o, aprendemos a am\u00e1-las.<\/em><\/p>\n<p>&nbsp;<br \/>\n<strong>Ou\u00e7a agora:<\/strong><\/p>\n<p><span data-href=\"https:\/\/www.irdin.org.br\/site\/envios\/audios\/1800_0001__por_por__irma_arvore.mp3\" data-title=\"irm\u00e3 \u00e1rvore\" data-rel=\"\" data-target=\"\" data-meta=\"#fap-meta-69fa19a162672\" class=\"fap-single-track fap-track-button fap-play-button\" data-enqueue=\"no\" data-autoenqueue=\"no\" title=\"irm\u00e3 \u00e1rvore\"><span class=\"fap-icon-play\"><\/span>Ouvir<\/span> <a href=\"https:\/\/www.irdin.org.br\/site\/envios\/audios\/1800_0001__por_por__irma_arvore.mp3\" class=\"baixar\" download><span class=\"fa fa-arrow-down\"><\/span>Baixar<\/span><\/a> <span class=\"textobaixar\"> irm\u00e3 \u00e1rvore<\/span><\/p>\n<p>&nbsp;<\/p>\n","protected":false},"excerpt":{"rendered":"<p>As \u00e1rvores captam dos c\u00e9us energias transformadoras e s\u00e3o parte da vida de todos os habitantes da Terra. Ao reconhecer<\/p>\n","protected":false},"featured_media":37803,"template":"","meta":{"_acf_changed":false},"product_brand":[],"product_cat":[18076,33068],"product_tag":[43694],"class_list":{"0":"post-86188","1":"product","2":"type-product","3":"status-publish","4":"has-post-thumbnail","6":"product_cat-cddvd","7":"product_cat-palestras","8":"product_tag-43694","9":"pa_autor-chara","10":"pa_codigo-da-serie-27045","11":"pa_codigo-externo-18000001porcd","12":"pa_data-de-gravacao-27041","13":"pa_duracao-61min50s","14":"pa_idioma-de-destino-portugues","15":"pa_idioma-de-origem-portugues","16":"pa_lancamento-no","17":"pa_midia-cd","18":"pa_moac-43693","19":"pa_sequencial-da-serie-31877","20":"pa_tipo-de-traducao-nao-classificado","22":"first","23":"outofstock","24":"product-type-simple"},"acf":[],"_links":{"self":[{"href":"https:\/\/www.irdin.org.br\/site\/wp-json\/wp\/v2\/product\/86188","targetHints":{"allow":["GET"]}}],"collection":[{"href":"https:\/\/www.irdin.org.br\/site\/wp-json\/wp\/v2\/product"}],"about":[{"href":"https:\/\/www.irdin.org.br\/site\/wp-json\/wp\/v2\/types\/product"}],"version-history":[{"count":1,"href":"https:\/\/www.irdin.org.br\/site\/wp-json\/wp\/v2\/product\/86188\/revisions"}],"predecessor-version":[{"id":106991,"href":"https:\/\/www.irdin.org.br\/site\/wp-json\/wp\/v2\/product\/86188\/revisions\/106991"}],"wp:featuredmedia":[{"embeddable":true,"href":"https:\/\/www.irdin.org.br\/site\/wp-json\/wp\/v2\/media\/37803"}],"wp:attachment":[{"href":"https:\/\/www.irdin.org.br\/site\/wp-json\/wp\/v2\/media?parent=86188"}],"wp:term":[{"taxonomy":"product_brand","embeddable":true,"href":"https:\/\/www.irdin.org.br\/site\/wp-json\/wp\/v2\/product_brand?post=86188"},{"taxonomy":"product_cat","embeddable":true,"href":"https:\/\/www.irdin.org.br\/site\/wp-json\/wp\/v2\/product_cat?post=86188"},{"taxonomy":"product_tag","embeddable":true,"href":"https:\/\/www.irdin.org.br\/site\/wp-json\/wp\/v2\/product_tag?post=86188"}],"curies":[{"name":"wp","href":"https:\/\/api.w.org\/{rel}","templated":true}]}}