{"id":86239,"date":"2019-01-31T18:56:41","date_gmt":"2019-01-31T18:56:41","guid":{"rendered":"http:\/\/www.irdin.org.br\/site\/?post_type=product&#038;p=86239"},"modified":"2024-09-09T02:51:57","modified_gmt":"2024-09-09T02:51:57","slug":"reflexoes-sobre-as-linhagens-hierarquicas","status":"publish","type":"product","link":"https:\/\/www.irdin.org.br\/site\/produtos\/reflexoes-sobre-as-linhagens-hierarquicas\/","title":{"rendered":"Reflex\u00f5es sobre as linhagens hier\u00e1rquicas"},"content":{"rendered":"<p><em>Como m\u00f4nadas, temos a tarefa de exprimir a qualidade de uma das sete linhagens hier\u00e1rquicas ou a s\u00edntese de todas elas.<\/em><\/p>\n<p><strong>Ou\u00e7a agora:<\/strong><\/p>\n<p><span data-href=\"https:\/\/www.irdin.org.br\/site\/envios\/audios\/0026_0002__por_por__reflexoes_sobre_as_linhagens_hierarquicas.mp3\" data-title=\"reflexoes sobre as linhagens hierarquicas\" data-rel=\"\" data-target=\"\" data-meta=\"#fap-meta-69e2db5eda79b\" class=\"fap-single-track fap-track-button fap-play-button\" data-enqueue=\"no\" data-autoenqueue=\"no\" title=\"reflexoes sobre as linhagens hierarquicas\"><span class=\"fap-icon-play\"><\/span>Ouvir<\/span> <a class=\"baixar\" href=\"https:\/\/www.irdin.org.br\/site\/envios\/audios\/0026_0002__por_por__reflexoes_sobre_as_linhagens_hierarquicas.mp3\" download=\"\">Baixar<\/a> <span class=\"textobaixar\"> reflexoes sobre as linhagens hierarquicas<\/span><\/p>\n<p>&nbsp;<\/p>\n","protected":false},"excerpt":{"rendered":"<p>Como m\u00f4nadas, temos a tarefa de exprimir a qualidade de uma das sete linhagens hier\u00e1rquicas ou a s\u00edntese de todas<\/p>\n","protected":false},"featured_media":37803,"template":"","meta":{"_acf_changed":false},"product_brand":[],"product_cat":[18076,33068],"product_tag":[43699],"class_list":{"0":"post-86239","1":"product","2":"type-product","3":"status-publish","4":"has-post-thumbnail","6":"product_cat-cddvd","7":"product_cat-palestras","8":"product_tag-43699","9":"pa_autor-trigueirinho","10":"pa_codigo-da-serie-32775","11":"pa_codigo-externo-00260002porcd","12":"pa_data-de-gravacao-30548","13":"pa_duracao-40min32s","14":"pa_idioma-de-destino-portugues","15":"pa_idioma-de-origem-portugues","16":"pa_lancamento-no","17":"pa_midia-cd","18":"pa_moac-43698","19":"pa_sequencial-da-serie-31902","20":"pa_tipo-de-traducao-nao-classificado","22":"first","23":"outofstock","24":"product-type-simple"},"acf":[],"_links":{"self":[{"href":"https:\/\/www.irdin.org.br\/site\/wp-json\/wp\/v2\/product\/86239","targetHints":{"allow":["GET"]}}],"collection":[{"href":"https:\/\/www.irdin.org.br\/site\/wp-json\/wp\/v2\/product"}],"about":[{"href":"https:\/\/www.irdin.org.br\/site\/wp-json\/wp\/v2\/types\/product"}],"version-history":[{"count":1,"href":"https:\/\/www.irdin.org.br\/site\/wp-json\/wp\/v2\/product\/86239\/revisions"}],"predecessor-version":[{"id":106988,"href":"https:\/\/www.irdin.org.br\/site\/wp-json\/wp\/v2\/product\/86239\/revisions\/106988"}],"wp:featuredmedia":[{"embeddable":true,"href":"https:\/\/www.irdin.org.br\/site\/wp-json\/wp\/v2\/media\/37803"}],"wp:attachment":[{"href":"https:\/\/www.irdin.org.br\/site\/wp-json\/wp\/v2\/media?parent=86239"}],"wp:term":[{"taxonomy":"product_brand","embeddable":true,"href":"https:\/\/www.irdin.org.br\/site\/wp-json\/wp\/v2\/product_brand?post=86239"},{"taxonomy":"product_cat","embeddable":true,"href":"https:\/\/www.irdin.org.br\/site\/wp-json\/wp\/v2\/product_cat?post=86239"},{"taxonomy":"product_tag","embeddable":true,"href":"https:\/\/www.irdin.org.br\/site\/wp-json\/wp\/v2\/product_tag?post=86239"}],"curies":[{"name":"wp","href":"https:\/\/api.w.org\/{rel}","templated":true}]}}