{"id":86243,"date":"2019-02-01T13:42:51","date_gmt":"2019-02-01T13:42:51","guid":{"rendered":"http:\/\/www.irdin.org.br\/site\/?post_type=product&#038;p=86243"},"modified":"2024-09-09T02:51:16","modified_gmt":"2024-09-09T02:51:16","slug":"a-vida-sacerdotal","status":"publish","type":"product","link":"https:\/\/www.irdin.org.br\/site\/produtos\/a-vida-sacerdotal\/","title":{"rendered":"A vida Sacerdotal"},"content":{"rendered":"<p><em>Receber e irradiar energias c\u00f3smicas, ligando a vida humana a padr\u00f5es divinos, s\u00e3o tarefa e vida de um Sacerdote.<\/em><\/p>\n<p>&nbsp;<br \/>\n<strong>Ou\u00e7a agora:<\/strong><\/p>\n<p><span data-href=\"https:\/\/www.irdin.org.br\/site\/envios\/audios\/0026_0007__por_por__a_vida_sacerdotal.mp3\" data-title=\"a vida sacerdotal\" data-rel=\"\" data-target=\"\" data-meta=\"#fap-meta-6a050ee0d9cc4\" class=\"fap-single-track fap-track-button fap-play-button\" data-enqueue=\"no\" data-autoenqueue=\"no\" title=\"a vida sacerdotal\"><span class=\"fap-icon-play\"><\/span>Ouvir<\/span> <a href=\"https:\/\/www.irdin.org.br\/site\/envios\/audios\/0026_0007__por_por__a_vida_sacerdotal.mp3\" class=\"baixar\" download><span class=\"fa fa-arrow-down\"><\/span>Baixar<\/span><\/a> <span class=\"textobaixar\"> a vida sacerdotal<\/span><\/p>\n<p>&nbsp;<\/p>\n","protected":false},"excerpt":{"rendered":"<p>Receber e irradiar energias c\u00f3smicas, ligando a vida humana a padr\u00f5es divinos, s\u00e3o tarefa e vida de um Sacerdote. &nbsp;<\/p>\n","protected":false},"featured_media":37803,"template":"","meta":{"_acf_changed":false},"product_brand":[],"product_cat":[18076,33068,43099],"product_tag":[43707],"class_list":{"0":"post-86243","1":"product","2":"type-product","3":"status-publish","4":"has-post-thumbnail","6":"product_cat-cddvd","7":"product_cat-palestras","8":"product_cat-palestras-cddvd","9":"product_tag-43707","10":"pa_autor-trigueirinho","11":"pa_codigo-da-serie-32775","12":"pa_codigo-externo-00260007porcd","13":"pa_data-de-gravacao-30566","14":"pa_duracao-35min4s","15":"pa_idioma-de-destino-portugues","16":"pa_idioma-de-origem-portugues","17":"pa_lancamento-no","18":"pa_midia-cd","19":"pa_moac-43706","20":"pa_sequencial-da-serie-31902","21":"pa_tipo-de-traducao-nao-classificado","23":"first","24":"outofstock","25":"product-type-simple"},"acf":[],"_links":{"self":[{"href":"https:\/\/www.irdin.org.br\/site\/wp-json\/wp\/v2\/product\/86243","targetHints":{"allow":["GET"]}}],"collection":[{"href":"https:\/\/www.irdin.org.br\/site\/wp-json\/wp\/v2\/product"}],"about":[{"href":"https:\/\/www.irdin.org.br\/site\/wp-json\/wp\/v2\/types\/product"}],"version-history":[{"count":1,"href":"https:\/\/www.irdin.org.br\/site\/wp-json\/wp\/v2\/product\/86243\/revisions"}],"predecessor-version":[{"id":106985,"href":"https:\/\/www.irdin.org.br\/site\/wp-json\/wp\/v2\/product\/86243\/revisions\/106985"}],"wp:featuredmedia":[{"embeddable":true,"href":"https:\/\/www.irdin.org.br\/site\/wp-json\/wp\/v2\/media\/37803"}],"wp:attachment":[{"href":"https:\/\/www.irdin.org.br\/site\/wp-json\/wp\/v2\/media?parent=86243"}],"wp:term":[{"taxonomy":"product_brand","embeddable":true,"href":"https:\/\/www.irdin.org.br\/site\/wp-json\/wp\/v2\/product_brand?post=86243"},{"taxonomy":"product_cat","embeddable":true,"href":"https:\/\/www.irdin.org.br\/site\/wp-json\/wp\/v2\/product_cat?post=86243"},{"taxonomy":"product_tag","embeddable":true,"href":"https:\/\/www.irdin.org.br\/site\/wp-json\/wp\/v2\/product_tag?post=86243"}],"curies":[{"name":"wp","href":"https:\/\/api.w.org\/{rel}","templated":true}]}}