{"id":86245,"date":"2019-02-01T15:08:46","date_gmt":"2019-02-01T15:08:46","guid":{"rendered":"http:\/\/www.irdin.org.br\/site\/?post_type=product&#038;p=86245"},"modified":"2024-09-09T02:51:04","modified_gmt":"2024-09-09T02:51:04","slug":"cura-profunda","status":"publish","type":"product","link":"https:\/\/www.irdin.org.br\/site\/produtos\/cura-profunda\/","title":{"rendered":"Cura profunda"},"content":{"rendered":"<p><em>A dissolu\u00e7\u00e3o das algemas que limitam a eleva\u00e7\u00e3o do ser.<\/em><\/p>\n<p>&nbsp;<br \/>\n<strong>Ou\u00e7a agora:<\/strong><\/p>\n<p><span data-href=\"https:\/\/www.irdin.org.br\/site\/envios\/audios\/0027_0002__por_por__cura_profunda.mp3\" data-title=\"cura profunda\" data-rel=\"\" data-target=\"\" data-meta=\"#fap-meta-69e2c264835ac\" class=\"fap-single-track fap-track-button fap-play-button\" data-enqueue=\"no\" data-autoenqueue=\"no\" title=\"cura profunda\"><span class=\"fap-icon-play\"><\/span>Ouvir<\/span> <a href=\"https:\/\/www.irdin.org.br\/site\/envios\/audios\/0027_0002__por_por__cura_profunda.mp3\" class=\"baixar\" download><span class=\"fa fa-arrow-down\"><\/span>Baixar<\/span><\/a> <span class=\"textobaixar\"> cura profunda<\/span><\/p>\n<p>&nbsp;<\/p>\n","protected":false},"excerpt":{"rendered":"<p>A dissolu\u00e7\u00e3o das algemas que limitam a eleva\u00e7\u00e3o do ser. &nbsp; Ou\u00e7a agora: Baixar cura profunda &nbsp;<\/p>\n","protected":false},"featured_media":37803,"template":"","meta":{"_acf_changed":false},"product_brand":[],"product_cat":[18076,33068,43099],"product_tag":[43709],"class_list":{"0":"post-86245","1":"product","2":"type-product","3":"status-publish","4":"has-post-thumbnail","6":"product_cat-cddvd","7":"product_cat-palestras","8":"product_cat-palestras-cddvd","9":"product_tag-43709","10":"pa_autor-trigueirinho","11":"pa_codigo-da-serie-32776","12":"pa_codigo-externo-00270002porcd","13":"pa_data-de-gravacao-30570","14":"pa_duracao-35min12s","15":"pa_idioma-de-destino-portugues","16":"pa_idioma-de-origem-portugues","17":"pa_lancamento-no","18":"pa_midia-cd","19":"pa_moac-43708","20":"pa_sequencial-da-serie-31903","21":"pa_tipo-de-traducao-nao-classificado","23":"first","24":"outofstock","25":"product-type-simple"},"acf":[],"_links":{"self":[{"href":"https:\/\/www.irdin.org.br\/site\/wp-json\/wp\/v2\/product\/86245","targetHints":{"allow":["GET"]}}],"collection":[{"href":"https:\/\/www.irdin.org.br\/site\/wp-json\/wp\/v2\/product"}],"about":[{"href":"https:\/\/www.irdin.org.br\/site\/wp-json\/wp\/v2\/types\/product"}],"version-history":[{"count":1,"href":"https:\/\/www.irdin.org.br\/site\/wp-json\/wp\/v2\/product\/86245\/revisions"}],"predecessor-version":[{"id":106984,"href":"https:\/\/www.irdin.org.br\/site\/wp-json\/wp\/v2\/product\/86245\/revisions\/106984"}],"wp:featuredmedia":[{"embeddable":true,"href":"https:\/\/www.irdin.org.br\/site\/wp-json\/wp\/v2\/media\/37803"}],"wp:attachment":[{"href":"https:\/\/www.irdin.org.br\/site\/wp-json\/wp\/v2\/media?parent=86245"}],"wp:term":[{"taxonomy":"product_brand","embeddable":true,"href":"https:\/\/www.irdin.org.br\/site\/wp-json\/wp\/v2\/product_brand?post=86245"},{"taxonomy":"product_cat","embeddable":true,"href":"https:\/\/www.irdin.org.br\/site\/wp-json\/wp\/v2\/product_cat?post=86245"},{"taxonomy":"product_tag","embeddable":true,"href":"https:\/\/www.irdin.org.br\/site\/wp-json\/wp\/v2\/product_tag?post=86245"}],"curies":[{"name":"wp","href":"https:\/\/api.w.org\/{rel}","templated":true}]}}