{"id":86280,"date":"2019-02-08T13:15:32","date_gmt":"2019-02-08T13:15:32","guid":{"rendered":"http:\/\/www.irdin.org.br\/site\/?post_type=product&#038;p=86280"},"modified":"2024-09-09T02:50:51","modified_gmt":"2024-09-09T02:50:51","slug":"recordando-os-guerreiros-parte-1","status":"publish","type":"product","link":"https:\/\/www.irdin.org.br\/site\/produtos\/recordando-os-guerreiros-parte-1\/","title":{"rendered":"Recordando os Guerreiros \u2013 Parte I"},"content":{"rendered":"<p>Os verdadeiros guerreiros zelam pela realiza\u00e7\u00e3o do plano evolutivo, sem se preocupar com resultados nem recompensas.<\/p>\n<p><strong>Ou\u00e7a agora:<\/strong><\/p>\n<p><span data-href=\"https:\/\/www.irdin.org.br\/site\/envios\/audios\/0026_0005__por_por__recordando_os_guerreiros_parte_1.mp3\" data-title=\"recordando os guerreiros - parte 1\" data-rel=\"\" data-target=\"\" data-meta=\"#fap-meta-69e2da3969054\" class=\"fap-single-track fap-track-button fap-play-button\" data-enqueue=\"no\" data-autoenqueue=\"no\" title=\"recordando os guerreiros - parte 1\"><span class=\"fap-icon-play\"><\/span>Ouvir<\/span> <a class=\"baixar\" href=\"https:\/\/www.irdin.org.br\/site\/envios\/audios\/0026_0005__por_por__recordando_os_guerreiros_parte_1.mp3\" download=\"\">Baixar<\/a>\u00a0recordando os guerreiros &#8211; parte 1<\/p>\n<p>&nbsp;<\/p>\n","protected":false},"excerpt":{"rendered":"<p>Os verdadeiros guerreiros zelam pela realiza\u00e7\u00e3o do plano evolutivo, sem se preocupar com resultados nem recompensas. Ou\u00e7a agora: Baixar\u00a0recordando os<\/p>\n","protected":false},"featured_media":37803,"template":"","meta":{"_acf_changed":false},"product_brand":[],"product_cat":[18076,33068,43099],"product_tag":[43703],"class_list":{"0":"post-86280","1":"product","2":"type-product","3":"status-publish","4":"has-post-thumbnail","6":"product_cat-cddvd","7":"product_cat-palestras","8":"product_cat-palestras-cddvd","9":"product_tag-43703","10":"pa_autor-trigueirinho","11":"pa_codigo-da-serie-32775","12":"pa_codigo-externo-00260005porcd","13":"pa_data-de-gravacao-30558","14":"pa_duracao-47min39s","15":"pa_idioma-de-destino-portugues","16":"pa_idioma-de-origem-portugues","17":"pa_lancamento-no","18":"pa_midia-cd","19":"pa_moac-43702","20":"pa_sequencial-da-serie-31902","21":"pa_tipo-de-traducao-nao-classificado","23":"first","24":"outofstock","25":"product-type-simple"},"acf":[],"_links":{"self":[{"href":"https:\/\/www.irdin.org.br\/site\/wp-json\/wp\/v2\/product\/86280","targetHints":{"allow":["GET"]}}],"collection":[{"href":"https:\/\/www.irdin.org.br\/site\/wp-json\/wp\/v2\/product"}],"about":[{"href":"https:\/\/www.irdin.org.br\/site\/wp-json\/wp\/v2\/types\/product"}],"version-history":[{"count":1,"href":"https:\/\/www.irdin.org.br\/site\/wp-json\/wp\/v2\/product\/86280\/revisions"}],"predecessor-version":[{"id":106983,"href":"https:\/\/www.irdin.org.br\/site\/wp-json\/wp\/v2\/product\/86280\/revisions\/106983"}],"wp:featuredmedia":[{"embeddable":true,"href":"https:\/\/www.irdin.org.br\/site\/wp-json\/wp\/v2\/media\/37803"}],"wp:attachment":[{"href":"https:\/\/www.irdin.org.br\/site\/wp-json\/wp\/v2\/media?parent=86280"}],"wp:term":[{"taxonomy":"product_brand","embeddable":true,"href":"https:\/\/www.irdin.org.br\/site\/wp-json\/wp\/v2\/product_brand?post=86280"},{"taxonomy":"product_cat","embeddable":true,"href":"https:\/\/www.irdin.org.br\/site\/wp-json\/wp\/v2\/product_cat?post=86280"},{"taxonomy":"product_tag","embeddable":true,"href":"https:\/\/www.irdin.org.br\/site\/wp-json\/wp\/v2\/product_tag?post=86280"}],"curies":[{"name":"wp","href":"https:\/\/api.w.org\/{rel}","templated":true}]}}