{"id":86286,"date":"2019-02-08T15:49:21","date_gmt":"2019-02-08T15:49:21","guid":{"rendered":"https:\/\/www.irdin.org.br\/site\/?post_type=product&#038;p=86286"},"modified":"2024-09-09T02:49:58","modified_gmt":"2024-09-09T02:49:58","slug":"o-trabalho-do-terapeuta-e-o-trabalho-do-curador-a-cura-cosmica-no-nosso-ser","status":"publish","type":"product","link":"https:\/\/www.irdin.org.br\/site\/produtos\/o-trabalho-do-terapeuta-e-o-trabalho-do-curador-a-cura-cosmica-no-nosso-ser\/","title":{"rendered":"O trabalho do terapeuta e o trabalho do curador | A cura c\u00f3smica no nosso ser"},"content":{"rendered":"<p>Ser instrumento do esp\u00edrito e ajudar o outro a se responsabilizar pelo pr\u00f3prio processo de cura. \/<\/p>\n<p>&nbsp;<br \/>\n<strong>Ou\u00e7a agora:<\/strong><\/p>\n<p><span data-href=\"https:\/\/www.irdin.org.br\/site\/envios\/audios\/0024_0006__por_por__o_trabalho_do_terapeuta_e_o_trabalho_do_curador_a_cura_cosmica_no_nosso_ser.mp3\" data-title=\"O trabalho do terapeuta e o trabalho do curador | A cura c\u00f3smica no nosso ser\" data-rel=\"\" data-target=\"\" data-meta=\"#fap-meta-69e5f434efa3a\" class=\"fap-single-track fap-track-button fap-play-button\" data-enqueue=\"no\" data-autoenqueue=\"no\" title=\"O trabalho do terapeuta e o trabalho do curador | A cura c\u00f3smica no nosso ser\"><span class=\"fap-icon-play\"><\/span>Ouvir<\/span> <a href=\"https:\/\/www.irdin.org.br\/site\/envios\/audios\/0024_0006__por_por__o_trabalho_do_terapeuta_e_o_trabalho_do_curador_a_cura_cosmica_no_nosso_ser.mp3\" class=\"baixar\" download><span class=\"fa fa-arrow-down\"><\/span>Baixar<\/span><\/a> <span class=\"textobaixar\"> o trabalho do terapeuta e o trabalho do curador &#8211; A cura c\u00f3smica no nosso ser<\/span><\/p>\n<p>&nbsp;<\/p>\n","protected":false},"excerpt":{"rendered":"<p>Ser instrumento do esp\u00edrito e ajudar o outro a se responsabilizar pelo pr\u00f3prio processo de cura. \/ &nbsp; Ou\u00e7a agora:<\/p>\n","protected":false},"featured_media":37803,"template":"","meta":{"_acf_changed":false},"product_brand":[],"product_cat":[18076,43099,33068],"product_tag":[43717],"class_list":{"0":"post-86286","1":"product","2":"type-product","3":"status-publish","4":"has-post-thumbnail","6":"product_cat-cddvd","7":"product_cat-palestras-cddvd","8":"product_cat-palestras","9":"product_tag-43717","10":"pa_autor-trigueirinho","11":"pa_codigo-da-serie-32774","12":"pa_codigo-externo-00240006porcd","13":"pa_data-de-gravacao-20857","14":"pa_duracao-49min54s","15":"pa_idioma-de-destino-portugues","16":"pa_idioma-de-origem-portugues","17":"pa_lancamento-no","18":"pa_midia-cd","19":"pa_moac-43716","20":"pa_sequencial-da-serie-31900","21":"pa_tipo-de-traducao-nao-classificado","23":"first","24":"outofstock","25":"product-type-simple"},"acf":[],"_links":{"self":[{"href":"https:\/\/www.irdin.org.br\/site\/wp-json\/wp\/v2\/product\/86286","targetHints":{"allow":["GET"]}}],"collection":[{"href":"https:\/\/www.irdin.org.br\/site\/wp-json\/wp\/v2\/product"}],"about":[{"href":"https:\/\/www.irdin.org.br\/site\/wp-json\/wp\/v2\/types\/product"}],"version-history":[{"count":1,"href":"https:\/\/www.irdin.org.br\/site\/wp-json\/wp\/v2\/product\/86286\/revisions"}],"predecessor-version":[{"id":106979,"href":"https:\/\/www.irdin.org.br\/site\/wp-json\/wp\/v2\/product\/86286\/revisions\/106979"}],"wp:featuredmedia":[{"embeddable":true,"href":"https:\/\/www.irdin.org.br\/site\/wp-json\/wp\/v2\/media\/37803"}],"wp:attachment":[{"href":"https:\/\/www.irdin.org.br\/site\/wp-json\/wp\/v2\/media?parent=86286"}],"wp:term":[{"taxonomy":"product_brand","embeddable":true,"href":"https:\/\/www.irdin.org.br\/site\/wp-json\/wp\/v2\/product_brand?post=86286"},{"taxonomy":"product_cat","embeddable":true,"href":"https:\/\/www.irdin.org.br\/site\/wp-json\/wp\/v2\/product_cat?post=86286"},{"taxonomy":"product_tag","embeddable":true,"href":"https:\/\/www.irdin.org.br\/site\/wp-json\/wp\/v2\/product_tag?post=86286"}],"curies":[{"name":"wp","href":"https:\/\/api.w.org\/{rel}","templated":true}]}}