{"id":86307,"date":"2019-02-15T14:27:48","date_gmt":"2019-02-15T14:27:48","guid":{"rendered":"https:\/\/www.irdin.org.br\/site\/?post_type=product&#038;p=86307"},"modified":"2024-09-09T02:19:50","modified_gmt":"2024-09-09T02:19:50","slug":"odontologia-em-figueira","status":"publish","type":"product","link":"https:\/\/www.irdin.org.br\/site\/produtos\/odontologia-em-figueira\/","title":{"rendered":"Odontologia em Figueira"},"content":{"rendered":"<p>A fun\u00e7\u00e3o dos dentistas \u00e9 mais ampla do que aparenta. Al\u00e9m de cuidarem dos dentes do ponto de vista f\u00edsico, podem proporcionar um tratamento integral sob os impulsos da alma.<\/p>\n<p><strong>Ou\u00e7a agora:<\/strong><\/p>\n<p><span data-href=\"https:\/\/www.irdin.org.br\/site\/envios\/audios\/0027_0004__por_por__odontologia_em_figueira.mp3\" data-title=\"Odontologia em Figueira\" data-rel=\"\" data-target=\"\" data-meta=\"#fap-meta-6a01fa3db5729\" class=\"fap-single-track fap-track-button fap-play-button\" data-enqueue=\"no\" data-autoenqueue=\"no\" title=\"Odontologia em Figueira\"><span class=\"fap-icon-play\"><\/span>Ouvir<\/span> <a class=\"baixar\" href=\"https:\/\/www.irdin.org.br\/site\/envios\/audios\/0027_0004__por_por__odontologia_em_figueira.mp3\" class=\"baixar\" download><span class=\"fa fa-arrow-down\"><\/span>Baixar<\/span><\/a> <span class=\"textobaixar\">\u00a0Odontologia em Figueira<\/span><\/p>\n<p>&nbsp;<\/p>\n","protected":false},"excerpt":{"rendered":"<p>A fun\u00e7\u00e3o dos dentistas \u00e9 mais ampla do que aparenta. Al\u00e9m de cuidarem dos dentes do ponto de vista f\u00edsico,<\/p>\n","protected":false},"featured_media":37803,"template":"","meta":{"_acf_changed":false},"product_brand":[],"product_cat":[18076,33068,43099],"product_tag":[43729],"class_list":{"0":"post-86307","1":"product","2":"type-product","3":"status-publish","4":"has-post-thumbnail","6":"product_cat-cddvd","7":"product_cat-palestras","8":"product_cat-palestras-cddvd","9":"product_tag-43729","10":"pa_autor-trigueirinho","11":"pa_codigo-da-serie-32776","12":"pa_codigo-externo-00270004porcd","13":"pa_data-de-gravacao-28815","14":"pa_duracao-39min","15":"pa_idioma-de-destino-portugues","16":"pa_idioma-de-origem-portugues","17":"pa_lancamento-no","18":"pa_midia-cd","19":"pa_moac-43728","20":"pa_sequencial-da-serie-31880","21":"pa_tipo-de-traducao-nao-classificado","23":"first","24":"outofstock","25":"product-type-simple"},"acf":[],"_links":{"self":[{"href":"https:\/\/www.irdin.org.br\/site\/wp-json\/wp\/v2\/product\/86307","targetHints":{"allow":["GET"]}}],"collection":[{"href":"https:\/\/www.irdin.org.br\/site\/wp-json\/wp\/v2\/product"}],"about":[{"href":"https:\/\/www.irdin.org.br\/site\/wp-json\/wp\/v2\/types\/product"}],"version-history":[{"count":1,"href":"https:\/\/www.irdin.org.br\/site\/wp-json\/wp\/v2\/product\/86307\/revisions"}],"predecessor-version":[{"id":106972,"href":"https:\/\/www.irdin.org.br\/site\/wp-json\/wp\/v2\/product\/86307\/revisions\/106972"}],"wp:featuredmedia":[{"embeddable":true,"href":"https:\/\/www.irdin.org.br\/site\/wp-json\/wp\/v2\/media\/37803"}],"wp:attachment":[{"href":"https:\/\/www.irdin.org.br\/site\/wp-json\/wp\/v2\/media?parent=86307"}],"wp:term":[{"taxonomy":"product_brand","embeddable":true,"href":"https:\/\/www.irdin.org.br\/site\/wp-json\/wp\/v2\/product_brand?post=86307"},{"taxonomy":"product_cat","embeddable":true,"href":"https:\/\/www.irdin.org.br\/site\/wp-json\/wp\/v2\/product_cat?post=86307"},{"taxonomy":"product_tag","embeddable":true,"href":"https:\/\/www.irdin.org.br\/site\/wp-json\/wp\/v2\/product_tag?post=86307"}],"curies":[{"name":"wp","href":"https:\/\/api.w.org\/{rel}","templated":true}]}}