{"id":86308,"date":"2019-02-15T14:46:07","date_gmt":"2019-02-15T14:46:07","guid":{"rendered":"https:\/\/www.irdin.org.br\/site\/?post_type=product&#038;p=86308"},"modified":"2024-09-09T02:19:41","modified_gmt":"2024-09-09T02:19:41","slug":"equipes-integradas-em-horas-de-caos","status":"publish","type":"product","link":"https:\/\/www.irdin.org.br\/site\/produtos\/equipes-integradas-em-horas-de-caos\/","title":{"rendered":"Equipes integradas em horas de caos"},"content":{"rendered":"<p>A partir dos n\u00edveis internos da vida somos preparados para nos doarmos plenamente ao servi\u00e7o, tendo como base a ora\u00e7\u00e3o, a busca espiritual e a caridade verdadeira.<\/p>\n<p><strong>Ou\u00e7a agora:<\/strong><\/p>\n<p><span data-href=\"https:\/\/www.irdin.org.br\/site\/envios\/audios\/0024_0011__por_por__equipes_integradas_em_horas_de_caos.mp3\" data-title=\"Equipes integradas em horas de caos\" data-rel=\"\" data-target=\"\" data-meta=\"#fap-meta-69e3acae0e1af\" class=\"fap-single-track fap-track-button fap-play-button\" data-enqueue=\"no\" data-autoenqueue=\"no\" title=\"Equipes integradas em horas de caos\"><span class=\"fap-icon-play\"><\/span>Ouvir<\/span> <a class=\"baixar\" href=\"https:\/\/www.irdin.org.br\/site\/envios\/audios\/0024_0011__por_por__equipes_integradas_em_horas_de_caos.mp3\" class=\"baixar\" download><span class=\"fa fa-arrow-down\"><\/span>Baixar<\/span><\/a> <span class=\"textobaixar\">\u00a0Equipes integradas em horas de caos<\/span><\/p>\n<p>&nbsp;<\/p>\n","protected":false},"excerpt":{"rendered":"<p>A partir dos n\u00edveis internos da vida somos preparados para nos doarmos plenamente ao servi\u00e7o, tendo como base a ora\u00e7\u00e3o,<\/p>\n","protected":false},"featured_media":37803,"template":"","meta":{"_acf_changed":false},"product_brand":[],"product_cat":[18076,43099,33068],"product_tag":[43731],"class_list":{"0":"post-86308","1":"product","2":"type-product","3":"status-publish","4":"has-post-thumbnail","6":"product_cat-cddvd","7":"product_cat-palestras-cddvd","8":"product_cat-palestras","9":"product_tag-43731","10":"pa_autor-trigueirinho","11":"pa_codigo-da-serie-32774","12":"pa_codigo-externo-00240011porcd","13":"pa_data-de-gravacao-30525","14":"pa_duracao-50min","15":"pa_idioma-de-destino-portugues","16":"pa_idioma-de-origem-portugues","17":"pa_lancamento-no","18":"pa_midia-cd","19":"pa_moac-43730","20":"pa_sequencial-da-serie-31900","21":"pa_tipo-de-traducao-nao-classificado","23":"first","24":"outofstock","25":"product-type-simple"},"acf":[],"_links":{"self":[{"href":"https:\/\/www.irdin.org.br\/site\/wp-json\/wp\/v2\/product\/86308","targetHints":{"allow":["GET"]}}],"collection":[{"href":"https:\/\/www.irdin.org.br\/site\/wp-json\/wp\/v2\/product"}],"about":[{"href":"https:\/\/www.irdin.org.br\/site\/wp-json\/wp\/v2\/types\/product"}],"version-history":[{"count":1,"href":"https:\/\/www.irdin.org.br\/site\/wp-json\/wp\/v2\/product\/86308\/revisions"}],"predecessor-version":[{"id":106971,"href":"https:\/\/www.irdin.org.br\/site\/wp-json\/wp\/v2\/product\/86308\/revisions\/106971"}],"wp:featuredmedia":[{"embeddable":true,"href":"https:\/\/www.irdin.org.br\/site\/wp-json\/wp\/v2\/media\/37803"}],"wp:attachment":[{"href":"https:\/\/www.irdin.org.br\/site\/wp-json\/wp\/v2\/media?parent=86308"}],"wp:term":[{"taxonomy":"product_brand","embeddable":true,"href":"https:\/\/www.irdin.org.br\/site\/wp-json\/wp\/v2\/product_brand?post=86308"},{"taxonomy":"product_cat","embeddable":true,"href":"https:\/\/www.irdin.org.br\/site\/wp-json\/wp\/v2\/product_cat?post=86308"},{"taxonomy":"product_tag","embeddable":true,"href":"https:\/\/www.irdin.org.br\/site\/wp-json\/wp\/v2\/product_tag?post=86308"}],"curies":[{"name":"wp","href":"https:\/\/api.w.org\/{rel}","templated":true}]}}