{"id":86373,"date":"2019-03-18T19:57:55","date_gmt":"2019-03-18T19:57:55","guid":{"rendered":"https:\/\/www.irdin.org.br\/site\/?post_type=product&#038;p=86373"},"modified":"2026-04-04T14:17:00","modified_gmt":"2026-04-04T17:17:00","slug":"9788554410148","status":"publish","type":"product","link":"https:\/\/www.irdin.org.br\/site\/produtos\/9788554410148\/","title":{"rendered":"Pelos Olhos do Cora\u00e7\u00e3o"},"content":{"rendered":"<p>Poemas que nos fazem refletir, poemas que fazem a conex\u00e3o do cora\u00e7\u00e3o com a alma.<br \/>\nEste pequeno livro nos leva a uma profunda transforma\u00e7\u00e3o; uma comunh\u00e3o com o Alto.<\/p>\n<p><a class=\"pdf\" href=\"\/pdf\/Pelos_olhos_do_cora\u00e7\u00e3o_WEB.pdf\" target=\"_blank\" rel=\"noopener\">Baixar Gratuitamente<\/a><\/p>\n<p>&nbsp;<\/p>\n","protected":false},"excerpt":{"rendered":"<p>Poemas que nos fazem refletir, poemas que fazem a conex\u00e3o do cora\u00e7\u00e3o com a alma. Este pequeno livro nos leva<\/p>\n","protected":false},"featured_media":86374,"template":"","meta":{"_acf_changed":false},"product_brand":[],"product_cat":[33286,17972],"product_tag":[43740],"class_list":{"0":"post-86373","1":"product","2":"type-product","3":"status-publish","4":"has-post-thumbnail","6":"product_cat-livro","7":"product_cat-livros-livro","8":"product_tag-mp001irp","9":"pa_autor-marisa-prieto","10":"pa_classe-do-produto-fisico","11":"pa_idioma-de-destino-portugues","12":"pa_lancamento-yes","13":"pa_midia-papel","14":"pa_moac-43738","15":"pa_quantidade-de-paginas-22175","17":"first","18":"instock","19":"sale","20":"purchasable","21":"product-type-simple"},"acf":[],"_links":{"self":[{"href":"https:\/\/www.irdin.org.br\/site\/wp-json\/wp\/v2\/product\/86373","targetHints":{"allow":["GET"]}}],"collection":[{"href":"https:\/\/www.irdin.org.br\/site\/wp-json\/wp\/v2\/product"}],"about":[{"href":"https:\/\/www.irdin.org.br\/site\/wp-json\/wp\/v2\/types\/product"}],"version-history":[{"count":2,"href":"https:\/\/www.irdin.org.br\/site\/wp-json\/wp\/v2\/product\/86373\/revisions"}],"predecessor-version":[{"id":107195,"href":"https:\/\/www.irdin.org.br\/site\/wp-json\/wp\/v2\/product\/86373\/revisions\/107195"}],"wp:featuredmedia":[{"embeddable":true,"href":"https:\/\/www.irdin.org.br\/site\/wp-json\/wp\/v2\/media\/86374"}],"wp:attachment":[{"href":"https:\/\/www.irdin.org.br\/site\/wp-json\/wp\/v2\/media?parent=86373"}],"wp:term":[{"taxonomy":"product_brand","embeddable":true,"href":"https:\/\/www.irdin.org.br\/site\/wp-json\/wp\/v2\/product_brand?post=86373"},{"taxonomy":"product_cat","embeddable":true,"href":"https:\/\/www.irdin.org.br\/site\/wp-json\/wp\/v2\/product_cat?post=86373"},{"taxonomy":"product_tag","embeddable":true,"href":"https:\/\/www.irdin.org.br\/site\/wp-json\/wp\/v2\/product_tag?post=86373"}],"curies":[{"name":"wp","href":"https:\/\/api.w.org\/{rel}","templated":true}]}}