{"id":86410,"date":"2019-03-26T19:03:11","date_gmt":"2019-03-26T19:03:11","guid":{"rendered":"https:\/\/www.irdin.org.br\/site\/?post_type=product&#038;p=86410"},"modified":"2024-09-09T02:19:13","modified_gmt":"2024-09-09T02:19:13","slug":"os-devas-e-o-nosso-coracao","status":"publish","type":"product","link":"https:\/\/www.irdin.org.br\/site\/produtos\/os-devas-e-o-nosso-coracao\/","title":{"rendered":"Os devas e o nosso cora\u00e7\u00e3o"},"content":{"rendered":"<p>O trabalho d\u00e9vico na transi\u00e7\u00e3o para a terra futura \/ Devas afinadores \/ Devas atenuadores \/ Devas ressonadores \/ Devas construtores \/ A transforma\u00e7\u00e3o do som em fogo e os anjos que usam o fogo \/ Mist\u00e9rios da natureza que v\u00e3o sendo revelados \/ Extra\u00eddo da partilha Conversas especiais n\u00ba 12<\/p>\n<p><strong>Ou\u00e7a agora:<\/strong><\/p>\n<p><span data-href=\"https:\/\/www.irdin.org.br\/site\/envios\/audios\/2864_0021__por_por__os_devas_e_o_nosso_coracao.mp3\" data-title=\"\" data-rel=\"\" data-target=\"\" data-meta=\"#fap-meta-69e5f27a57cb0\" class=\"fap-single-track fap-track-button fap-play-button\" data-enqueue=\"no\" data-autoenqueue=\"no\" title=\"\"><span class=\"fap-icon-play\"><\/span>Ouvir<\/span> <a class=\"baixar\" href=\"https:\/\/www.irdin.org.br\/site\/envios\/audios\/2864_0021__por_por__os_devas_e_o_nosso_coracao.mp3\" download=\"\">Baixar<\/a> <span class=\"textobaixar\">Os devas e o nosso cora\u00e7\u00e3o<\/span><\/p>\n<p>&nbsp;<\/p>\n","protected":false},"excerpt":{"rendered":"<p>O trabalho d\u00e9vico na transi\u00e7\u00e3o para a terra futura \/ Devas afinadores \/ Devas atenuadores \/ Devas ressonadores \/ Devas<\/p>\n","protected":false},"featured_media":37803,"template":"","meta":{"_acf_changed":false},"product_brand":[],"product_cat":[18076,33068,43099],"product_tag":[43746],"class_list":{"0":"post-86410","1":"product","2":"type-product","3":"status-publish","4":"has-post-thumbnail","6":"product_cat-cddvd","7":"product_cat-palestras","8":"product_cat-palestras-cddvd","9":"product_tag-43746","10":"pa_autor-trigueirinho","11":"pa_codigo-da-serie-28077","12":"pa_codigo-externo-2864-0021-por-por-cd","13":"pa_data-de-gravacao-26148","14":"pa_duracao-30min","15":"pa_idioma-de-destino-portugues","16":"pa_idioma-de-origem-portugues","17":"pa_lancamento-yes","18":"pa_midia-cd","19":"pa_moac-43744","20":"pa_sequencial-da-serie-31874","21":"pa_tipo-de-traducao-nao-classificado","23":"first","24":"outofstock","25":"product-type-simple"},"acf":[],"_links":{"self":[{"href":"https:\/\/www.irdin.org.br\/site\/wp-json\/wp\/v2\/product\/86410","targetHints":{"allow":["GET"]}}],"collection":[{"href":"https:\/\/www.irdin.org.br\/site\/wp-json\/wp\/v2\/product"}],"about":[{"href":"https:\/\/www.irdin.org.br\/site\/wp-json\/wp\/v2\/types\/product"}],"version-history":[{"count":2,"href":"https:\/\/www.irdin.org.br\/site\/wp-json\/wp\/v2\/product\/86410\/revisions"}],"predecessor-version":[{"id":106968,"href":"https:\/\/www.irdin.org.br\/site\/wp-json\/wp\/v2\/product\/86410\/revisions\/106968"}],"wp:featuredmedia":[{"embeddable":true,"href":"https:\/\/www.irdin.org.br\/site\/wp-json\/wp\/v2\/media\/37803"}],"wp:attachment":[{"href":"https:\/\/www.irdin.org.br\/site\/wp-json\/wp\/v2\/media?parent=86410"}],"wp:term":[{"taxonomy":"product_brand","embeddable":true,"href":"https:\/\/www.irdin.org.br\/site\/wp-json\/wp\/v2\/product_brand?post=86410"},{"taxonomy":"product_cat","embeddable":true,"href":"https:\/\/www.irdin.org.br\/site\/wp-json\/wp\/v2\/product_cat?post=86410"},{"taxonomy":"product_tag","embeddable":true,"href":"https:\/\/www.irdin.org.br\/site\/wp-json\/wp\/v2\/product_tag?post=86410"}],"curies":[{"name":"wp","href":"https:\/\/api.w.org\/{rel}","templated":true}]}}