{"id":86417,"date":"2019-03-28T16:02:39","date_gmt":"2019-03-28T16:02:39","guid":{"rendered":"https:\/\/www.irdin.org.br\/site\/?post_type=product&#038;p=86417"},"modified":"2024-09-09T02:18:22","modified_gmt":"2024-09-09T02:18:22","slug":"atual-trabalho-de-grupos-de-resgate","status":"publish","type":"product","link":"https:\/\/www.irdin.org.br\/site\/produtos\/atual-trabalho-de-grupos-de-resgate\/","title":{"rendered":"Atual trabalho de grupos de resgate"},"content":{"rendered":"<p>A Opera\u00e7\u00e3o Resgate vem atuando h\u00e1 anos, sob a Lei da Miseric\u00f3rdia, da Gra\u00e7a e da Neutralidade. Grupos de servi\u00e7o aprofundam suas bases e meta. Cada um recebe a tarefa que lhe cabe, aberto ao pr\u00f3prio ser interior.<\/p>\n<p><strong>Ou\u00e7a agora:<\/strong><\/p>\n<p><span data-href=\"https:\/\/www.irdin.org.br\/site\/envios\/audios\/0024_0017__por_por__atual_trabalho_de_grupos_de_resgate.mp3\" data-title=\"\" data-rel=\"\" data-target=\"\" data-meta=\"#fap-meta-69e17e32bd570\" class=\"fap-single-track fap-track-button fap-play-button\" data-enqueue=\"no\" data-autoenqueue=\"no\" title=\"\"><span class=\"fap-icon-play\"><\/span>Ouvir<\/span> <a class=\"baixar\" href=\"https:\/\/www.irdin.org.br\/site\/envios\/audios\/0024_0017__por_por__atual_trabalho_de_grupos_de_resgate.mp3\" download=\"\">Baixar<\/a> <span class=\"textobaixar\">Atual trabalho de grupos de resgate<\/span><\/p>\n<p>&nbsp;<\/p>\n","protected":false},"excerpt":{"rendered":"<p>A Opera\u00e7\u00e3o Resgate vem atuando h\u00e1 anos, sob a Lei da Miseric\u00f3rdia, da Gra\u00e7a e da Neutralidade. Grupos de servi\u00e7o<\/p>\n","protected":false},"featured_media":37803,"template":"","meta":{"_acf_changed":false},"product_brand":[],"product_cat":[18076,43099,33068],"product_tag":[43757],"class_list":{"0":"post-86417","1":"product","2":"type-product","3":"status-publish","4":"has-post-thumbnail","6":"product_cat-cddvd","7":"product_cat-palestras-cddvd","8":"product_cat-palestras","9":"product_tag-43757","10":"pa_autor-trigueirinho","11":"pa_codigo-da-serie-32774","12":"pa_codigo-externo-00240017porcd","13":"pa_data-de-gravacao-30541","14":"pa_duracao-43min","15":"pa_idioma-de-destino-portugues","16":"pa_idioma-de-origem-portugues","17":"pa_lancamento-no","18":"pa_midia-cd","19":"pa_moac-43756","20":"pa_sequencial-da-serie-31870","21":"pa_tipo-de-traducao-nao-classificado","23":"first","24":"outofstock","25":"product-type-simple"},"acf":[],"_links":{"self":[{"href":"https:\/\/www.irdin.org.br\/site\/wp-json\/wp\/v2\/product\/86417","targetHints":{"allow":["GET"]}}],"collection":[{"href":"https:\/\/www.irdin.org.br\/site\/wp-json\/wp\/v2\/product"}],"about":[{"href":"https:\/\/www.irdin.org.br\/site\/wp-json\/wp\/v2\/types\/product"}],"version-history":[{"count":1,"href":"https:\/\/www.irdin.org.br\/site\/wp-json\/wp\/v2\/product\/86417\/revisions"}],"predecessor-version":[{"id":106963,"href":"https:\/\/www.irdin.org.br\/site\/wp-json\/wp\/v2\/product\/86417\/revisions\/106963"}],"wp:featuredmedia":[{"embeddable":true,"href":"https:\/\/www.irdin.org.br\/site\/wp-json\/wp\/v2\/media\/37803"}],"wp:attachment":[{"href":"https:\/\/www.irdin.org.br\/site\/wp-json\/wp\/v2\/media?parent=86417"}],"wp:term":[{"taxonomy":"product_brand","embeddable":true,"href":"https:\/\/www.irdin.org.br\/site\/wp-json\/wp\/v2\/product_brand?post=86417"},{"taxonomy":"product_cat","embeddable":true,"href":"https:\/\/www.irdin.org.br\/site\/wp-json\/wp\/v2\/product_cat?post=86417"},{"taxonomy":"product_tag","embeddable":true,"href":"https:\/\/www.irdin.org.br\/site\/wp-json\/wp\/v2\/product_tag?post=86417"}],"curies":[{"name":"wp","href":"https:\/\/api.w.org\/{rel}","templated":true}]}}