{"id":86419,"date":"2019-03-28T17:57:13","date_gmt":"2019-03-28T17:57:13","guid":{"rendered":"https:\/\/www.irdin.org.br\/site\/?post_type=product&#038;p=86419"},"modified":"2025-08-11T11:31:46","modified_gmt":"2025-08-11T14:31:46","slug":"centros-de-amor-e-a-colaboracao-dos-monasterios-parte-2","status":"publish","type":"product","link":"https:\/\/www.irdin.org.br\/site\/produtos\/centros-de-amor-e-a-colaboracao-dos-monasterios-parte-2\/","title":{"rendered":"Centros de Amor e a colabora\u00e7\u00e3o dos monast\u00e9rios \u2013 parte 2"},"content":{"rendered":"<p>Penetrando os v\u00e9us do amor como prepara\u00e7\u00e3o para manifestar Centros de Amor.<\/p>\n<p><strong>Ou\u00e7a agora:<\/strong><\/p>\n<p><span data-href=\"https:\/\/www.irdin.org.br\/site\/envios\/audios\/0218_0010__por_por__centros_de_amor_e_a_colaboracao_dos_monasterios_parte_2_palestra_no_1_encontro_da_ordem_graca_misericordia.mp3\" data-title=\"\" data-rel=\"\" data-target=\"\" data-meta=\"#fap-meta-6a02e576029d6\" class=\"fap-single-track fap-track-button fap-play-button\" data-enqueue=\"no\" data-autoenqueue=\"no\" title=\"\"><span class=\"fap-icon-play\"><\/span>Ouvir<\/span> <a class=\"baixar\" href=\"https:\/\/www.irdin.org.br\/site\/envios\/audios\/0218_0010__por_por__centros_de_amor_e_a_colaboracao_dos_monasterios_parte_2_palestra_no_1_encontro_da_ordem_graca_misericordia.mp3\" download=\"\">Baixar<\/a> <span class=\"textobaixar\">Centros de Amor e a colabora\u00e7\u00e3o dos monast\u00e9rios \u2013 parte 2<\/span><\/p>\n<p>&nbsp;<\/p>\n","protected":false},"excerpt":{"rendered":"<p>Penetrando os v\u00e9us do amor como prepara\u00e7\u00e3o para manifestar Centros de Amor. Ou\u00e7a agora: Baixar Centros de Amor e a<\/p>\n","protected":false},"featured_media":37803,"template":"","meta":{"_acf_changed":false},"product_brand":[],"product_cat":[18076,33068,43099],"product_tag":[43759],"class_list":{"0":"post-86419","1":"product","2":"type-product","3":"status-publish","4":"has-post-thumbnail","6":"product_cat-cddvd","7":"product_cat-palestras","8":"product_cat-palestras-cddvd","9":"product_tag-43759","10":"pa_autor-artur","11":"pa_autor-madre-maria-shimani","12":"pa_codigo-da-serie-31973","13":"pa_codigo-externo-02180010porcd","14":"pa_data-de-gravacao-20613","15":"pa_duracao-38min56s","16":"pa_idioma-de-destino-portugues","17":"pa_idioma-de-origem-portugues","18":"pa_lancamento-no","19":"pa_midia-cd","20":"pa_moac-43758","21":"pa_sequencial-da-serie-31890","22":"pa_tipo-de-traducao-nao-classificado","24":"first","25":"outofstock","26":"product-type-simple"},"acf":[],"_links":{"self":[{"href":"https:\/\/www.irdin.org.br\/site\/wp-json\/wp\/v2\/product\/86419","targetHints":{"allow":["GET"]}}],"collection":[{"href":"https:\/\/www.irdin.org.br\/site\/wp-json\/wp\/v2\/product"}],"about":[{"href":"https:\/\/www.irdin.org.br\/site\/wp-json\/wp\/v2\/types\/product"}],"version-history":[{"count":2,"href":"https:\/\/www.irdin.org.br\/site\/wp-json\/wp\/v2\/product\/86419\/revisions"}],"predecessor-version":[{"id":106962,"href":"https:\/\/www.irdin.org.br\/site\/wp-json\/wp\/v2\/product\/86419\/revisions\/106962"}],"wp:featuredmedia":[{"embeddable":true,"href":"https:\/\/www.irdin.org.br\/site\/wp-json\/wp\/v2\/media\/37803"}],"wp:attachment":[{"href":"https:\/\/www.irdin.org.br\/site\/wp-json\/wp\/v2\/media?parent=86419"}],"wp:term":[{"taxonomy":"product_brand","embeddable":true,"href":"https:\/\/www.irdin.org.br\/site\/wp-json\/wp\/v2\/product_brand?post=86419"},{"taxonomy":"product_cat","embeddable":true,"href":"https:\/\/www.irdin.org.br\/site\/wp-json\/wp\/v2\/product_cat?post=86419"},{"taxonomy":"product_tag","embeddable":true,"href":"https:\/\/www.irdin.org.br\/site\/wp-json\/wp\/v2\/product_tag?post=86419"}],"curies":[{"name":"wp","href":"https:\/\/api.w.org\/{rel}","templated":true}]}}