{"id":86426,"date":"2019-03-29T18:30:17","date_gmt":"2019-03-29T18:30:17","guid":{"rendered":"https:\/\/www.irdin.org.br\/site\/?post_type=product&#038;p=86426"},"modified":"2024-09-09T02:17:28","modified_gmt":"2024-09-09T02:17:28","slug":"uma-conversa-sobre-urinoterapia","status":"publish","type":"product","link":"https:\/\/www.irdin.org.br\/site\/produtos\/uma-conversa-sobre-urinoterapia\/","title":{"rendered":"Uma conversa sobre Urinoterapia"},"content":{"rendered":"<p>Bases para um m\u00e9todo n\u00e3o convencional de manter a sa\u00fade com alegria e despojamento.<\/p>\n<p><strong>Ou\u00e7a agora:<\/strong><\/p>\n<p><span data-href=\"https:\/\/www.irdin.org.br\/site\/envios\/audios\/0701_0001__por_por__uma_conversa_sobre_urinoterapia.mp3\" data-title=\"\" data-rel=\"\" data-target=\"\" data-meta=\"#fap-meta-69e29ebf0603b\" class=\"fap-single-track fap-track-button fap-play-button\" data-enqueue=\"no\" data-autoenqueue=\"no\" title=\"\"><span class=\"fap-icon-play\"><\/span>Ouvir<\/span> <a class=\"baixar\" href=\"https:\/\/www.irdin.org.br\/site\/envios\/audios\/0701_0001__por_por__uma_conversa_sobre_urinoterapia.mp3\" download=\"\">Baixar<\/a> <span class=\"textobaixar\">Uma conversa sobre Urinoterapia<\/span><\/p>\n<p>&nbsp;<\/p>\n","protected":false},"excerpt":{"rendered":"<p>Bases para um m\u00e9todo n\u00e3o convencional de manter a sa\u00fade com alegria e despojamento. Ou\u00e7a agora: Baixar Uma conversa sobre<\/p>\n","protected":false},"featured_media":37803,"template":"","meta":{"_acf_changed":false},"product_brand":[],"product_cat":[18076,43099,33068],"product_tag":[43767],"class_list":{"0":"post-86426","1":"product","2":"type-product","3":"status-publish","4":"has-post-thumbnail","6":"product_cat-cddvd","7":"product_cat-palestras-cddvd","8":"product_cat-palestras","9":"product_tag-43767","10":"pa_autor-dra-maria-de-fatima","11":"pa_codigo-da-serie-31981","12":"pa_codigo-externo-07010001porcd","13":"pa_data-de-gravacao-21291","14":"pa_duracao-68min16s","15":"pa_idioma-de-destino-portugues","16":"pa_idioma-de-origem-portugues","17":"pa_lancamento-no","18":"pa_midia-cd","19":"pa_moac-43766","20":"pa_sequencial-da-serie-31877","21":"pa_tipo-de-traducao-nao-classificado","23":"first","24":"outofstock","25":"product-type-simple"},"acf":[],"_links":{"self":[{"href":"https:\/\/www.irdin.org.br\/site\/wp-json\/wp\/v2\/product\/86426","targetHints":{"allow":["GET"]}}],"collection":[{"href":"https:\/\/www.irdin.org.br\/site\/wp-json\/wp\/v2\/product"}],"about":[{"href":"https:\/\/www.irdin.org.br\/site\/wp-json\/wp\/v2\/types\/product"}],"version-history":[{"count":1,"href":"https:\/\/www.irdin.org.br\/site\/wp-json\/wp\/v2\/product\/86426\/revisions"}],"predecessor-version":[{"id":106958,"href":"https:\/\/www.irdin.org.br\/site\/wp-json\/wp\/v2\/product\/86426\/revisions\/106958"}],"wp:featuredmedia":[{"embeddable":true,"href":"https:\/\/www.irdin.org.br\/site\/wp-json\/wp\/v2\/media\/37803"}],"wp:attachment":[{"href":"https:\/\/www.irdin.org.br\/site\/wp-json\/wp\/v2\/media?parent=86426"}],"wp:term":[{"taxonomy":"product_brand","embeddable":true,"href":"https:\/\/www.irdin.org.br\/site\/wp-json\/wp\/v2\/product_brand?post=86426"},{"taxonomy":"product_cat","embeddable":true,"href":"https:\/\/www.irdin.org.br\/site\/wp-json\/wp\/v2\/product_cat?post=86426"},{"taxonomy":"product_tag","embeddable":true,"href":"https:\/\/www.irdin.org.br\/site\/wp-json\/wp\/v2\/product_tag?post=86426"}],"curies":[{"name":"wp","href":"https:\/\/api.w.org\/{rel}","templated":true}]}}