{"id":86428,"date":"2019-03-29T18:30:21","date_gmt":"2019-03-29T18:30:21","guid":{"rendered":"https:\/\/www.irdin.org.br\/site\/?post_type=product&#038;p=86428"},"modified":"2024-09-09T02:11:49","modified_gmt":"2024-09-09T02:11:49","slug":"vegetarianismo-visto-por-um-medico","status":"publish","type":"product","link":"https:\/\/www.irdin.org.br\/site\/produtos\/vegetarianismo-visto-por-um-medico\/","title":{"rendered":"Vegetarianismo visto por um m\u00e9dico"},"content":{"rendered":"<p>De maneira simples e acess\u00edvel, Dr. Eric transmite no\u00e7\u00f5es do equil\u00edbrio nutricional a ser encontrado na dieta sem carnes.<\/p>\n<p><strong>Ou\u00e7a agora:<\/strong><\/p>\n<p><span data-href=\"https:\/\/www.irdin.org.br\/site\/envios\/audios\/1600_0001__por_por__vegetarianismo_visto_por_um_medico.mp3\" data-title=\"\" data-rel=\"\" data-target=\"\" data-meta=\"#fap-meta-69e35b8975986\" class=\"fap-single-track fap-track-button fap-play-button\" data-enqueue=\"no\" data-autoenqueue=\"no\" title=\"\"><span class=\"fap-icon-play\"><\/span>Ouvir<\/span> <a class=\"baixar\" href=\"https:\/\/www.irdin.org.br\/site\/envios\/audios\/1600_0001__por_por__vegetarianismo_visto_por_um_medico.mp3\" download=\"\">Baixar<\/a> <span class=\"textobaixar\">Vegetarianismo visto por um m\u00e9dico<\/span><\/p>\n<p>&nbsp;<\/p>\n","protected":false},"excerpt":{"rendered":"<p>De maneira simples e acess\u00edvel, Dr. Eric transmite no\u00e7\u00f5es do equil\u00edbrio nutricional a ser encontrado na dieta sem carnes. Ou\u00e7a<\/p>\n","protected":false},"featured_media":37803,"template":"","meta":{"_acf_changed":false},"product_brand":[],"product_cat":[18076,33068,43099],"product_tag":[43771],"class_list":{"0":"post-86428","1":"product","2":"type-product","3":"status-publish","4":"has-post-thumbnail","6":"product_cat-cddvd","7":"product_cat-palestras","8":"product_cat-palestras-cddvd","9":"product_tag-43771","10":"pa_autor-dr-eric-slywitch","11":"pa_codigo-da-serie-27035","12":"pa_codigo-externo-16000001porcd","13":"pa_data-de-gravacao-27032","14":"pa_duracao-57-min","15":"pa_idioma-de-destino-portugues","16":"pa_idioma-de-origem-portugues","17":"pa_lancamento-no","18":"pa_midia-cd","19":"pa_moac-43770","20":"pa_sequencial-da-serie-31877","21":"pa_tipo-de-traducao-nao-classificado","23":"first","24":"outofstock","25":"product-type-simple"},"acf":[],"_links":{"self":[{"href":"https:\/\/www.irdin.org.br\/site\/wp-json\/wp\/v2\/product\/86428","targetHints":{"allow":["GET"]}}],"collection":[{"href":"https:\/\/www.irdin.org.br\/site\/wp-json\/wp\/v2\/product"}],"about":[{"href":"https:\/\/www.irdin.org.br\/site\/wp-json\/wp\/v2\/types\/product"}],"version-history":[{"count":1,"href":"https:\/\/www.irdin.org.br\/site\/wp-json\/wp\/v2\/product\/86428\/revisions"}],"predecessor-version":[{"id":106931,"href":"https:\/\/www.irdin.org.br\/site\/wp-json\/wp\/v2\/product\/86428\/revisions\/106931"}],"wp:featuredmedia":[{"embeddable":true,"href":"https:\/\/www.irdin.org.br\/site\/wp-json\/wp\/v2\/media\/37803"}],"wp:attachment":[{"href":"https:\/\/www.irdin.org.br\/site\/wp-json\/wp\/v2\/media?parent=86428"}],"wp:term":[{"taxonomy":"product_brand","embeddable":true,"href":"https:\/\/www.irdin.org.br\/site\/wp-json\/wp\/v2\/product_brand?post=86428"},{"taxonomy":"product_cat","embeddable":true,"href":"https:\/\/www.irdin.org.br\/site\/wp-json\/wp\/v2\/product_cat?post=86428"},{"taxonomy":"product_tag","embeddable":true,"href":"https:\/\/www.irdin.org.br\/site\/wp-json\/wp\/v2\/product_tag?post=86428"}],"curies":[{"name":"wp","href":"https:\/\/api.w.org\/{rel}","templated":true}]}}