{"id":86442,"date":"2019-04-15T19:01:45","date_gmt":"2019-04-15T19:01:45","guid":{"rendered":"https:\/\/www.irdin.org.br\/site\/?post_type=product&#038;p=86442"},"modified":"2026-04-22T11:41:35","modified_gmt":"2026-04-22T14:41:35","slug":"9788554410186","status":"publish","type":"product","link":"https:\/\/www.irdin.org.br\/site\/produtos\/9788554410186\/","title":{"rendered":"Mensagens de Humildade &#8211; S\u00e3o Jos\u00e9 Cast\u00edssimo (capa flex\u00edvel)"},"content":{"rendered":"<p>\u201cSejam simples e alegres em tudo. Sejam conscientes neste mundo, que est\u00e1 cego. Irradiem luz para os olhos dos homens com seus exemplos. E, em vez de seguir as correntes de ilus\u00e3o do planeta, sejam como uma barca que vai contra essa corrente, levando as almas para o novo, para a reden\u00e7\u00e3o, atraindo, com suas redes no mar, os seres que querem sair da vida retr\u00f3grada.\u201d<br \/>\nS\u00e3o Jos\u00e9, 7 de novembro de 2015<\/p>\n<p>Sim, os valores espirituais s\u00e3o eternos, mas a forma de abord\u00e1-los pode variar segundo o momento planet\u00e1rio. O mundo vive hoje tempos de batalhas e de tempestades, de desmoronamentos e indiferen\u00e7as, habitado por um orgulho e um individualismo que fizeram com que a humanidade acreditasse que as ilus\u00f5es materiais s\u00e3o a gl\u00f3ria e as d\u00e1divas celestiais, inalcan\u00e7\u00e1veis.<br \/>\nPor isso, S\u00e3o Jos\u00e9 vem falar em Suas mensagens \u00e0 irm\u00e3 Luc\u00eda de Jes\u00fas, transmitidas diariamente durante um ano, de gratid\u00e3o, simplicidade, mansid\u00e3o, servi\u00e7o, transforma\u00e7\u00e3o, mostrando os caminhos de esperan\u00e7a, paz, alegria e ora\u00e7\u00e3o, que podem levar os seres, individual e coletivamente, a uma vida nova e a um novo ciclo.<br \/>\nPede a cria\u00e7\u00e3o de uma Rede Mission\u00e1ria Planet\u00e1ria (16 de fevereiro de 2016) para nos levar a redimensionar nossas dores e insatisfa\u00e7\u00f5es, para abrir e unir os cora\u00e7\u00f5es. Faz revela\u00e7\u00f5es sobre o relacionamento com Deus, a Virgem Maria, mist\u00e9rios do mundo interior, sobre os tempos do Armagedom.<br \/>\nSeparar o joio do trigo tamb\u00e9m \u00e9 penetrar em si mesmo e distinguir o eterno do transit\u00f3rio, o real do ilus\u00f3rio, o divino do charco. E S\u00e3o Jos\u00e9, neste livro, d\u00e1 as chaves para isso.<\/p>\n<p><a class=\"pdf\" href=\"\/pdf\/Mensagens_de_Humildade_POR_web.pdf\" target=\"_blank\" rel=\"noopener\">Baixar Gratuitamente<\/a><\/p>\n<p>&nbsp;<\/p>\n","protected":false},"excerpt":{"rendered":"<p>\u201cSejam simples e alegres em tudo. Sejam conscientes neste mundo, que est\u00e1 cego. Irradiem luz para os olhos dos homens<\/p>\n","protected":false},"featured_media":86444,"template":"","meta":{"_acf_changed":false},"product_brand":[],"product_cat":[33286,17972],"product_tag":[],"class_list":{"0":"post-86442","1":"product","2":"type-product","3":"status-publish","4":"has-post-thumbnail","6":"product_cat-livro","7":"product_cat-livros-livro","8":"pa_autor-irma-lucia-de-jesus","9":"pa_autor-madre-maria-shimani","10":"pa_codigo-de-barras-44209","11":"pa_data-de-edicao-43925","12":"pa_edicao-17979","13":"pa_idioma-de-destino-portugues","14":"pa_idioma-de-origem-espanhol","15":"pa_produto-fisico","16":"pa_quantidade-de-paginas-43928","18":"first","19":"instock","20":"purchasable","21":"product-type-simple"},"acf":[],"_links":{"self":[{"href":"https:\/\/www.irdin.org.br\/site\/wp-json\/wp\/v2\/product\/86442","targetHints":{"allow":["GET"]}}],"collection":[{"href":"https:\/\/www.irdin.org.br\/site\/wp-json\/wp\/v2\/product"}],"about":[{"href":"https:\/\/www.irdin.org.br\/site\/wp-json\/wp\/v2\/types\/product"}],"version-history":[{"count":3,"href":"https:\/\/www.irdin.org.br\/site\/wp-json\/wp\/v2\/product\/86442\/revisions"}],"predecessor-version":[{"id":86457,"href":"https:\/\/www.irdin.org.br\/site\/wp-json\/wp\/v2\/product\/86442\/revisions\/86457"}],"wp:featuredmedia":[{"embeddable":true,"href":"https:\/\/www.irdin.org.br\/site\/wp-json\/wp\/v2\/media\/86444"}],"wp:attachment":[{"href":"https:\/\/www.irdin.org.br\/site\/wp-json\/wp\/v2\/media?parent=86442"}],"wp:term":[{"taxonomy":"product_brand","embeddable":true,"href":"https:\/\/www.irdin.org.br\/site\/wp-json\/wp\/v2\/product_brand?post=86442"},{"taxonomy":"product_cat","embeddable":true,"href":"https:\/\/www.irdin.org.br\/site\/wp-json\/wp\/v2\/product_cat?post=86442"},{"taxonomy":"product_tag","embeddable":true,"href":"https:\/\/www.irdin.org.br\/site\/wp-json\/wp\/v2\/product_tag?post=86442"}],"curies":[{"name":"wp","href":"https:\/\/api.w.org\/{rel}","templated":true}]}}