{"id":86488,"date":"2019-05-14T17:12:49","date_gmt":"2019-05-14T17:12:49","guid":{"rendered":"https:\/\/www.irdin.org.br\/site\/?post_type=product&#038;p=86488"},"modified":"2025-03-13T01:40:18","modified_gmt":"2025-03-13T01:40:18","slug":"messages-of-peace-mary-mother-of-the-divine-conception-of-the-trinity","status":"publish","type":"product","link":"https:\/\/www.irdin.org.br\/site\/produtos\/messages-of-peace-mary-mother-of-the-divine-conception-of-the-trinity\/","title":{"rendered":"Messages of Peace &#8211; Mary, Mother of the Divine Conception of the Trinity"},"content":{"rendered":"<p>The sale of the book &#8220;Messages of Peace&#8221; is available only for European countries.<br \/>\nEvery order must be sent to the e-mail: secretaria.portugal@irdin.org.br<\/p>\n<p>The price of each volume of &#8220;Messages of Peace&#8221; is 15\u20ac (IVA included) + freight.<\/p>\n<p>\u201cAlways count on My presence, on My aid and on My words engraved in your hearts, in your spirits and in the books of your lives. Because when I am no longer able to be here among all of you, you will discover that My Word is eternal, and you will always find in My messages the keys to transcend the events of life and to live in eternal renovation.<br \/>\nThank you for responding to My call.\u201d<br \/>\nMary, Mother of the Divine Conception of the Trinity<\/p>\n<p>In this book are gathered the messages that were transmitted by the Virgin Mary, Mother of Jesus, in the period of one year, to the visionary monastics of the Grace Mercy Order, Mother Mar\u00eda Shimani de Montserrat and Friar El\u00edas del Sagrado Coraz\u00f3n.<br \/>\nThe goal of this work is to take the message of the Most Holy Mary, also known as Mother of the Divine Conception of the Trinity, to each heart. She speaks to us about the need of all coming to know Her messages, which express the importance of us praying for peace in the hearts and among nations.<br \/>\nAt the end of the reading, you will feel inspired to respond to a genuine call for Peace and for Good and become instruments in the Hands of God.<\/p>\n<p><a class=\"pdf\" href=\"\/pdf\/Messages_of_Peace_1ed.pdf\" target=\"_blank\" rel=\"noopener\">Baixar Gratuitamente<\/a><\/p>\n<p>&nbsp;<\/p>\n","protected":false},"excerpt":{"rendered":"<p>The sale of the book &#8220;Messages of Peace&#8221; is available only for European countries. Every order must be sent to<\/p>\n","protected":false},"featured_media":86489,"template":"","meta":{"_acf_changed":false},"product_brand":[],"product_cat":[33286,17972],"product_tag":[43780],"class_list":{"0":"post-86488","1":"product","2":"type-product","3":"status-publish","4":"has-post-thumbnail","6":"product_cat-livro","7":"product_cat-livros-livro","8":"product_tag-15e-secretaria-portugalirdin-org-br-read-below","9":"pa_autor-frei-elias-del-sagrado-corazon","10":"pa_autor-madre-maria-shimani","11":"pa_classe-do-produto-fisico","12":"pa_idioma-de-destino-ingles","13":"pa_idioma-de-origem-espanhol","14":"pa_lancamento-yes","15":"pa_midia-papel","16":"pa_quantidade-de-paginas-43777","18":"first","19":"onbackorder","20":"product-type-simple"},"acf":[],"_links":{"self":[{"href":"https:\/\/www.irdin.org.br\/site\/wp-json\/wp\/v2\/product\/86488","targetHints":{"allow":["GET"]}}],"collection":[{"href":"https:\/\/www.irdin.org.br\/site\/wp-json\/wp\/v2\/product"}],"about":[{"href":"https:\/\/www.irdin.org.br\/site\/wp-json\/wp\/v2\/types\/product"}],"version-history":[{"count":2,"href":"https:\/\/www.irdin.org.br\/site\/wp-json\/wp\/v2\/product\/86488\/revisions"}],"predecessor-version":[{"id":108140,"href":"https:\/\/www.irdin.org.br\/site\/wp-json\/wp\/v2\/product\/86488\/revisions\/108140"}],"wp:featuredmedia":[{"embeddable":true,"href":"https:\/\/www.irdin.org.br\/site\/wp-json\/wp\/v2\/media\/86489"}],"wp:attachment":[{"href":"https:\/\/www.irdin.org.br\/site\/wp-json\/wp\/v2\/media?parent=86488"}],"wp:term":[{"taxonomy":"product_brand","embeddable":true,"href":"https:\/\/www.irdin.org.br\/site\/wp-json\/wp\/v2\/product_brand?post=86488"},{"taxonomy":"product_cat","embeddable":true,"href":"https:\/\/www.irdin.org.br\/site\/wp-json\/wp\/v2\/product_cat?post=86488"},{"taxonomy":"product_tag","embeddable":true,"href":"https:\/\/www.irdin.org.br\/site\/wp-json\/wp\/v2\/product_tag?post=86488"}],"curies":[{"name":"wp","href":"https:\/\/api.w.org\/{rel}","templated":true}]}}