{"id":86499,"date":"2019-05-21T14:25:55","date_gmt":"2019-05-21T14:25:55","guid":{"rendered":"https:\/\/www.irdin.org.br\/site\/?post_type=product&#038;p=86499"},"modified":"2026-01-05T15:21:17","modified_gmt":"2026-01-05T18:21:17","slug":"9788554410254","status":"publish","type":"product","link":"https:\/\/www.irdin.org.br\/site\/produtos\/9788554410254\/","title":{"rendered":"Pensamentos para todo o ano (PT)"},"content":{"rendered":"<p>Este pequeno livro de Pensamentos Di\u00e1rios de Trigueirinho, nos conduz atrav\u00e9s de sua simplicidade a uma profunda reflex\u00e3o e despertar interior.<\/p>\n<p><a class=\"pdf\" href=\"\/pdf\/Pensamentos_para todo o ano_POR_WEB.pdf\" target=\"_blank\" rel=\"noopener\">Baixar Gratuitamente<\/a><\/p>\n<p>&nbsp;<\/p>\n","protected":false},"excerpt":{"rendered":"<p>Este pequeno livro de Pensamentos Di\u00e1rios de Trigueirinho, nos conduz atrav\u00e9s de sua simplicidade a uma profunda reflex\u00e3o e despertar<\/p>\n","protected":false},"featured_media":86570,"template":"","meta":{"_acf_changed":false},"product_brand":[],"product_cat":[33286,17972,33145],"product_tag":[],"class_list":{"0":"post-86499","1":"product","2":"type-product","3":"status-publish","4":"has-post-thumbnail","6":"product_cat-livro","7":"product_cat-livros-livro","8":"product_cat-minilivros","9":"pa_autor-trigueirinho","10":"pa_classe-do-produto-fisico","11":"pa_codigo-de-barras-43787","12":"pa_idioma-de-destino-portugues","13":"pa_lancamento-no","14":"pa_midia-papel","15":"pa_quantidade-de-paginas-23537","16":"pa_tipo-de-traducao-nao-classificado","18":"first","19":"outofstock","20":"product-type-simple"},"acf":[],"_links":{"self":[{"href":"https:\/\/www.irdin.org.br\/site\/wp-json\/wp\/v2\/product\/86499","targetHints":{"allow":["GET"]}}],"collection":[{"href":"https:\/\/www.irdin.org.br\/site\/wp-json\/wp\/v2\/product"}],"about":[{"href":"https:\/\/www.irdin.org.br\/site\/wp-json\/wp\/v2\/types\/product"}],"version-history":[{"count":2,"href":"https:\/\/www.irdin.org.br\/site\/wp-json\/wp\/v2\/product\/86499\/revisions"}],"predecessor-version":[{"id":87717,"href":"https:\/\/www.irdin.org.br\/site\/wp-json\/wp\/v2\/product\/86499\/revisions\/87717"}],"wp:featuredmedia":[{"embeddable":true,"href":"https:\/\/www.irdin.org.br\/site\/wp-json\/wp\/v2\/media\/86570"}],"wp:attachment":[{"href":"https:\/\/www.irdin.org.br\/site\/wp-json\/wp\/v2\/media?parent=86499"}],"wp:term":[{"taxonomy":"product_brand","embeddable":true,"href":"https:\/\/www.irdin.org.br\/site\/wp-json\/wp\/v2\/product_brand?post=86499"},{"taxonomy":"product_cat","embeddable":true,"href":"https:\/\/www.irdin.org.br\/site\/wp-json\/wp\/v2\/product_cat?post=86499"},{"taxonomy":"product_tag","embeddable":true,"href":"https:\/\/www.irdin.org.br\/site\/wp-json\/wp\/v2\/product_tag?post=86499"}],"curies":[{"name":"wp","href":"https:\/\/api.w.org\/{rel}","templated":true}]}}