{"id":86532,"date":"2019-06-28T14:19:16","date_gmt":"2019-06-28T14:19:16","guid":{"rendered":"https:\/\/www.irdin.org.br\/site\/?post_type=product&#038;p=86532"},"modified":"2024-09-03T04:15:07","modified_gmt":"2024-09-03T04:15:07","slug":"grupos-em-tempos-de-resgate","status":"publish","type":"product","link":"https:\/\/www.irdin.org.br\/site\/produtos\/grupos-em-tempos-de-resgate\/","title":{"rendered":"Grupos em tempos de resgate"},"content":{"rendered":"<p>As progressivas fases de forma\u00e7\u00e3o e eleva\u00e7\u00e3o de grupos de servi\u00e7o, com seus membros dedicados \u00e0 mesma meta e voltados para o porvir.<\/p>\n<p><strong>Ou\u00e7a agora:<\/strong><\/p>\n<p><span data-href=\"https:\/\/www.irdin.org.br\/site\/envios\/audios\/0024_0015__por_por__grupos_em_tempos_de_resgate.mp3\" data-title=\"\" data-rel=\"\" data-target=\"\" data-meta=\"#fap-meta-69e3976adc26b\" class=\"fap-single-track fap-track-button fap-play-button\" data-enqueue=\"no\" data-autoenqueue=\"no\" title=\"\"><span class=\"fap-icon-play\"><\/span>Ouvir<\/span> <a class=\"baixar\" href=\"https:\/\/www.irdin.org.br\/site\/envios\/audios\/0024_0015__por_por__grupos_em_tempos_de_resgate.mp3\" download=\"\">Baixar<\/a> <span class=\"textobaixar\">Grupos em tempos de resgate<\/span><\/p>\n<p>&nbsp;<\/p>\n","protected":false},"excerpt":{"rendered":"<p>As progressivas fases de forma\u00e7\u00e3o e eleva\u00e7\u00e3o de grupos de servi\u00e7o, com seus membros dedicados \u00e0 mesma meta e voltados<\/p>\n","protected":false},"featured_media":37803,"template":"","meta":{"_acf_changed":false},"product_brand":[],"product_cat":[18076,33068,43099],"product_tag":[43783],"class_list":{"0":"post-86532","1":"product","2":"type-product","3":"status-publish","4":"has-post-thumbnail","6":"product_cat-cddvd","7":"product_cat-palestras","8":"product_cat-palestras-cddvd","9":"product_tag-43783","10":"pa_autor-trigueirinho","11":"pa_codigo-da-serie-32774","12":"pa_codigo-externo-00240015porcd","13":"pa_data-de-gravacao-29180","14":"pa_duracao-36min","15":"pa_idioma-de-destino-portugues","16":"pa_idioma-de-origem-portugues","17":"pa_lancamento-no","18":"pa_midia-cd","19":"pa_moac-43782","20":"pa_sequencial-da-serie-31897","21":"pa_tipo-de-traducao-nao-classificado","23":"first","24":"outofstock","25":"product-type-simple"},"acf":[],"_links":{"self":[{"href":"https:\/\/www.irdin.org.br\/site\/wp-json\/wp\/v2\/product\/86532","targetHints":{"allow":["GET"]}}],"collection":[{"href":"https:\/\/www.irdin.org.br\/site\/wp-json\/wp\/v2\/product"}],"about":[{"href":"https:\/\/www.irdin.org.br\/site\/wp-json\/wp\/v2\/types\/product"}],"version-history":[{"count":1,"href":"https:\/\/www.irdin.org.br\/site\/wp-json\/wp\/v2\/product\/86532\/revisions"}],"predecessor-version":[{"id":106930,"href":"https:\/\/www.irdin.org.br\/site\/wp-json\/wp\/v2\/product\/86532\/revisions\/106930"}],"wp:featuredmedia":[{"embeddable":true,"href":"https:\/\/www.irdin.org.br\/site\/wp-json\/wp\/v2\/media\/37803"}],"wp:attachment":[{"href":"https:\/\/www.irdin.org.br\/site\/wp-json\/wp\/v2\/media?parent=86532"}],"wp:term":[{"taxonomy":"product_brand","embeddable":true,"href":"https:\/\/www.irdin.org.br\/site\/wp-json\/wp\/v2\/product_brand?post=86532"},{"taxonomy":"product_cat","embeddable":true,"href":"https:\/\/www.irdin.org.br\/site\/wp-json\/wp\/v2\/product_cat?post=86532"},{"taxonomy":"product_tag","embeddable":true,"href":"https:\/\/www.irdin.org.br\/site\/wp-json\/wp\/v2\/product_tag?post=86532"}],"curies":[{"name":"wp","href":"https:\/\/api.w.org\/{rel}","templated":true}]}}