{"id":86630,"date":"2019-10-18T12:55:41","date_gmt":"2019-10-18T12:55:41","guid":{"rendered":"https:\/\/www.irdin.org.br\/site\/?post_type=product&#038;p=86630"},"modified":"2025-03-19T16:14:24","modified_gmt":"2025-03-19T16:14:24","slug":"9788554410315","status":"publish","type":"product","link":"https:\/\/www.irdin.org.br\/site\/produtos\/9788554410315\/","title":{"rendered":"Pensamientos para todo el a\u00f1o (ES)"},"content":{"rendered":"<p>Este libro de Pensamientos diarios de Trigueirinho, nos lleva a trav\u00e9s de su simplicidad a una reflexi\u00f3n profunda y un despertar interior.<\/p>\n<p><a class=\"pdf\" href=\"\/pdf\/Pensamientos_para todo el ano_ESP_WEB.pdf\" target=\"_blank\" rel=\"noopener\">Baixar Gratuitamente<\/a><\/p>\n<p>&nbsp;<\/p>\n","protected":false},"excerpt":{"rendered":"<p>Este libro de Pensamientos diarios de Trigueirinho, nos lleva a trav\u00e9s de su simplicidad a una reflexi\u00f3n profunda y un<\/p>\n","protected":false},"featured_media":86631,"template":"","meta":{"_acf_changed":false},"product_brand":[],"product_cat":[33286,17972,33145],"product_tag":[],"class_list":{"0":"post-86630","1":"product","2":"type-product","3":"status-publish","4":"has-post-thumbnail","6":"product_cat-livro","7":"product_cat-livros-livro","8":"product_cat-minilivros","9":"pa_autor-trigueirinho","10":"pa_classe-do-produto-fisico","11":"pa_codigo-de-barras-43818","12":"pa_idioma-de-destino-espanhol","13":"pa_idioma-de-origem-portugues","14":"pa_lancamento-yes","15":"pa_midia-papel","16":"pa_quantidade-de-paginas-21785","17":"pa_tipo-de-traducao-nao-classificado","19":"first","20":"outofstock","21":"purchasable","22":"product-type-simple"},"acf":[],"_links":{"self":[{"href":"https:\/\/www.irdin.org.br\/site\/wp-json\/wp\/v2\/product\/86630","targetHints":{"allow":["GET"]}}],"collection":[{"href":"https:\/\/www.irdin.org.br\/site\/wp-json\/wp\/v2\/product"}],"about":[{"href":"https:\/\/www.irdin.org.br\/site\/wp-json\/wp\/v2\/types\/product"}],"version-history":[{"count":2,"href":"https:\/\/www.irdin.org.br\/site\/wp-json\/wp\/v2\/product\/86630\/revisions"}],"predecessor-version":[{"id":109566,"href":"https:\/\/www.irdin.org.br\/site\/wp-json\/wp\/v2\/product\/86630\/revisions\/109566"}],"wp:featuredmedia":[{"embeddable":true,"href":"https:\/\/www.irdin.org.br\/site\/wp-json\/wp\/v2\/media\/86631"}],"wp:attachment":[{"href":"https:\/\/www.irdin.org.br\/site\/wp-json\/wp\/v2\/media?parent=86630"}],"wp:term":[{"taxonomy":"product_brand","embeddable":true,"href":"https:\/\/www.irdin.org.br\/site\/wp-json\/wp\/v2\/product_brand?post=86630"},{"taxonomy":"product_cat","embeddable":true,"href":"https:\/\/www.irdin.org.br\/site\/wp-json\/wp\/v2\/product_cat?post=86630"},{"taxonomy":"product_tag","embeddable":true,"href":"https:\/\/www.irdin.org.br\/site\/wp-json\/wp\/v2\/product_tag?post=86630"}],"curies":[{"name":"wp","href":"https:\/\/api.w.org\/{rel}","templated":true}]}}