{"id":86637,"date":"2019-10-18T13:21:16","date_gmt":"2019-10-18T13:21:16","guid":{"rendered":"https:\/\/www.irdin.org.br\/site\/?post_type=product&#038;p=86637"},"modified":"2026-04-04T14:21:52","modified_gmt":"2026-04-04T17:21:52","slug":"9788554410353","status":"publish","type":"product","link":"https:\/\/www.irdin.org.br\/site\/produtos\/9788554410353\/","title":{"rendered":"Selecci\u00f3n de Pensamientos Vol.3 (ES)"},"content":{"rendered":"<p>Este peque\u00f1o libro con m\u00e1s de 400 pensamientos, reunidos de las ense\u00f1anzas e instrucciones de Trigueirinho, nos lleva a reflexionar sobre nuestra existencia, conduci\u00e9ndonos d\u00eda a d\u00eda al despertar espiritual.<\/p>\n<p><a class=\"pdf\" href=\"\/pdf\/Seleccion_de_Pensamientos_ESP_3_WEB.pdf\" target=\"_blank\" rel=\"noopener\">Baixar Gratuitamente<\/a><\/p>\n<p>&nbsp;<\/p>\n","protected":false},"excerpt":{"rendered":"<p>Este peque\u00f1o libro con m\u00e1s de 400 pensamientos, reunidos de las ense\u00f1anzas e instrucciones de Trigueirinho, nos lleva a reflexionar<\/p>\n","protected":false},"featured_media":86634,"template":"","meta":{"_acf_changed":false},"product_brand":[],"product_cat":[33286,17972,33145],"product_tag":[],"class_list":{"0":"post-86637","1":"product","2":"type-product","3":"status-publish","4":"has-post-thumbnail","6":"product_cat-livro","7":"product_cat-livros-livro","8":"product_cat-minilivros","9":"pa_autor-trigueirinho","10":"pa_classe-do-produto-fisico","11":"pa_codigo-de-barras-43820","12":"pa_idioma-de-destino-espanhol","13":"pa_idioma-de-origem-portugues","14":"pa_lancamento-yes","15":"pa_midia-papel","16":"pa_quantidade-de-paginas-22052","17":"pa_tipo-de-traducao-nao-classificado","19":"first","20":"instock","21":"purchasable","22":"product-type-simple"},"acf":[],"_links":{"self":[{"href":"https:\/\/www.irdin.org.br\/site\/wp-json\/wp\/v2\/product\/86637","targetHints":{"allow":["GET"]}}],"collection":[{"href":"https:\/\/www.irdin.org.br\/site\/wp-json\/wp\/v2\/product"}],"about":[{"href":"https:\/\/www.irdin.org.br\/site\/wp-json\/wp\/v2\/types\/product"}],"version-history":[{"count":2,"href":"https:\/\/www.irdin.org.br\/site\/wp-json\/wp\/v2\/product\/86637\/revisions"}],"predecessor-version":[{"id":109568,"href":"https:\/\/www.irdin.org.br\/site\/wp-json\/wp\/v2\/product\/86637\/revisions\/109568"}],"wp:featuredmedia":[{"embeddable":true,"href":"https:\/\/www.irdin.org.br\/site\/wp-json\/wp\/v2\/media\/86634"}],"wp:attachment":[{"href":"https:\/\/www.irdin.org.br\/site\/wp-json\/wp\/v2\/media?parent=86637"}],"wp:term":[{"taxonomy":"product_brand","embeddable":true,"href":"https:\/\/www.irdin.org.br\/site\/wp-json\/wp\/v2\/product_brand?post=86637"},{"taxonomy":"product_cat","embeddable":true,"href":"https:\/\/www.irdin.org.br\/site\/wp-json\/wp\/v2\/product_cat?post=86637"},{"taxonomy":"product_tag","embeddable":true,"href":"https:\/\/www.irdin.org.br\/site\/wp-json\/wp\/v2\/product_tag?post=86637"}],"curies":[{"name":"wp","href":"https:\/\/api.w.org\/{rel}","templated":true}]}}