{"id":86704,"date":"2019-12-30T15:50:25","date_gmt":"2019-12-30T15:50:25","guid":{"rendered":"https:\/\/www.irdin.org.br\/site\/?post_type=product&#038;p=86704"},"modified":"2025-07-12T19:09:04","modified_gmt":"2025-07-12T22:09:04","slug":"aurora-o-centro-planetario","status":"publish","type":"product","link":"https:\/\/www.irdin.org.br\/site\/produtos\/aurora-o-centro-planetario\/","title":{"rendered":"Aurora, o Centro Planet\u00e1rio"},"content":{"rendered":"<p>O que significa e como atua a for\u00e7a c\u00f3smica de cura do centro planet\u00e1rio Aurora na atualidade.<\/p>\n<p><strong>Ou\u00e7a agora:<\/strong><\/p>\n<p><span data-href=\"https:\/\/www.irdin.org.br\/site\/envios\/audios\/0032_0018__por_por__aurora_o_centro_planetario.mp3\" data-title=\"\" data-rel=\"\" data-target=\"\" data-meta=\"#fap-meta-69e47b65e9bbc\" class=\"fap-single-track fap-track-button fap-play-button\" data-enqueue=\"no\" data-autoenqueue=\"no\" title=\"\"><span class=\"fap-icon-play\"><\/span>Ouvir<\/span> <a class=\"baixar\" href=\"https:\/\/www.irdin.org.br\/site\/envios\/audios\/0032_0018__por_por__aurora_o_centro_planetario.mp3\" download=\"\">Baixar<\/a> <span class=\"textobaixar\">Aurora, o Centro Planet\u00e1rio<\/span><\/p>\n<p>&nbsp;<\/p>\n","protected":false},"excerpt":{"rendered":"<p>O que significa e como atua a for\u00e7a c\u00f3smica de cura do centro planet\u00e1rio Aurora na atualidade. Ou\u00e7a agora: Baixar<\/p>\n","protected":false},"featured_media":37803,"template":"","meta":{"_acf_changed":false},"product_brand":[],"product_cat":[18076,43099,33068],"product_tag":[43831],"class_list":{"0":"post-86704","1":"product","2":"type-product","3":"status-publish","4":"has-post-thumbnail","6":"product_cat-cddvd","7":"product_cat-palestras-cddvd","8":"product_cat-palestras","9":"product_tag-43831","10":"pa_autor-trigueirinho","11":"pa_codigo-da-serie-32788","12":"pa_codigo-externo-00320018porcd","13":"pa_data-de-gravacao-30734","14":"pa_descricao-da-serie-base-para-leitura-espiritual","15":"pa_duracao-38min4s","16":"pa_idioma-de-destino-portugues","17":"pa_idioma-de-origem-portugues","18":"pa_lancamento-no","19":"pa_midia-cd","20":"pa_moac-43830","21":"pa_sequencial-da-serie-31871","22":"pa_tipo-de-traducao-nao-classificado","24":"first","25":"outofstock","26":"product-type-simple"},"acf":[],"_links":{"self":[{"href":"https:\/\/www.irdin.org.br\/site\/wp-json\/wp\/v2\/product\/86704","targetHints":{"allow":["GET"]}}],"collection":[{"href":"https:\/\/www.irdin.org.br\/site\/wp-json\/wp\/v2\/product"}],"about":[{"href":"https:\/\/www.irdin.org.br\/site\/wp-json\/wp\/v2\/types\/product"}],"version-history":[{"count":1,"href":"https:\/\/www.irdin.org.br\/site\/wp-json\/wp\/v2\/product\/86704\/revisions"}],"predecessor-version":[{"id":106929,"href":"https:\/\/www.irdin.org.br\/site\/wp-json\/wp\/v2\/product\/86704\/revisions\/106929"}],"wp:featuredmedia":[{"embeddable":true,"href":"https:\/\/www.irdin.org.br\/site\/wp-json\/wp\/v2\/media\/37803"}],"wp:attachment":[{"href":"https:\/\/www.irdin.org.br\/site\/wp-json\/wp\/v2\/media?parent=86704"}],"wp:term":[{"taxonomy":"product_brand","embeddable":true,"href":"https:\/\/www.irdin.org.br\/site\/wp-json\/wp\/v2\/product_brand?post=86704"},{"taxonomy":"product_cat","embeddable":true,"href":"https:\/\/www.irdin.org.br\/site\/wp-json\/wp\/v2\/product_cat?post=86704"},{"taxonomy":"product_tag","embeddable":true,"href":"https:\/\/www.irdin.org.br\/site\/wp-json\/wp\/v2\/product_tag?post=86704"}],"curies":[{"name":"wp","href":"https:\/\/api.w.org\/{rel}","templated":true}]}}