{"id":86706,"date":"2019-12-30T16:16:50","date_gmt":"2019-12-30T16:16:50","guid":{"rendered":"https:\/\/www.irdin.org.br\/site\/?post_type=product&#038;p=86706"},"modified":"2025-07-12T19:02:13","modified_gmt":"2025-07-12T22:02:13","slug":"a-verdade-do-coracao-o-ego-e-a-personalidade","status":"publish","type":"product","link":"https:\/\/www.irdin.org.br\/site\/produtos\/a-verdade-do-coracao-o-ego-e-a-personalidade\/","title":{"rendered":"A verdade do cora\u00e7\u00e3o, o ego e a personalidade"},"content":{"rendered":"<p>O valor de nos ofertarmos aos n\u00facleos superiores do nosso ser, de modo que possam utilizar-nos em seu servi\u00e7o.         <\/p>\n<p><strong>Ou\u00e7a agora:<\/strong><\/p>\n<p><span data-href=\"https:\/\/www.irdin.org.br\/site\/envios\/audios\/0036_0001__por_por__a_verdade_do_coracao_o_ego_e_a_personalidade.mp3\" data-title=\"\" data-rel=\"\" data-target=\"\" data-meta=\"#fap-meta-6a05ab62eb13e\" class=\"fap-single-track fap-track-button fap-play-button\" data-enqueue=\"no\" data-autoenqueue=\"no\" title=\"\"><span class=\"fap-icon-play\"><\/span>Ouvir<\/span> <a class=\"baixar\" href=\"https:\/\/www.irdin.org.br\/site\/envios\/audios\/0036_0001__por_por__a_verdade_do_coracao_o_ego_e_a_personalidade.mp3\" download=\"\">Baixar<\/a> <span class=\"textobaixar\">A verdade do cora\u00e7\u00e3o, o ego e a personalidade<\/span><\/p>\n<p>&nbsp;<\/p>\n","protected":false},"excerpt":{"rendered":"<p>O valor de nos ofertarmos aos n\u00facleos superiores do nosso ser, de modo que possam utilizar-nos em seu servi\u00e7o. Ou\u00e7a<\/p>\n","protected":false},"featured_media":37803,"template":"","meta":{"_acf_changed":false},"product_brand":[],"product_cat":[18076,33068,43099],"product_tag":[43836],"class_list":{"0":"post-86706","1":"product","2":"type-product","3":"status-publish","4":"has-post-thumbnail","6":"product_cat-cddvd","7":"product_cat-palestras","8":"product_cat-palestras-cddvd","9":"product_tag-43836","10":"pa_autor-trigueirinho","11":"pa_codigo-da-serie-32807","12":"pa_codigo-externo-00360001porcd","13":"pa_data-de-gravacao-20151","14":"pa_descricao-da-serie-para-compreender-o-ego","15":"pa_duracao-52min6s","16":"pa_idioma-de-destino-portugues","17":"pa_idioma-de-origem-portugues","18":"pa_lancamento-no","19":"pa_midia-cd","20":"pa_moac-43835","21":"pa_tipo-de-traducao-nao-classificado","23":"first","24":"outofstock","25":"product-type-simple"},"acf":[],"_links":{"self":[{"href":"https:\/\/www.irdin.org.br\/site\/wp-json\/wp\/v2\/product\/86706","targetHints":{"allow":["GET"]}}],"collection":[{"href":"https:\/\/www.irdin.org.br\/site\/wp-json\/wp\/v2\/product"}],"about":[{"href":"https:\/\/www.irdin.org.br\/site\/wp-json\/wp\/v2\/types\/product"}],"version-history":[{"count":1,"href":"https:\/\/www.irdin.org.br\/site\/wp-json\/wp\/v2\/product\/86706\/revisions"}],"predecessor-version":[{"id":106927,"href":"https:\/\/www.irdin.org.br\/site\/wp-json\/wp\/v2\/product\/86706\/revisions\/106927"}],"wp:featuredmedia":[{"embeddable":true,"href":"https:\/\/www.irdin.org.br\/site\/wp-json\/wp\/v2\/media\/37803"}],"wp:attachment":[{"href":"https:\/\/www.irdin.org.br\/site\/wp-json\/wp\/v2\/media?parent=86706"}],"wp:term":[{"taxonomy":"product_brand","embeddable":true,"href":"https:\/\/www.irdin.org.br\/site\/wp-json\/wp\/v2\/product_brand?post=86706"},{"taxonomy":"product_cat","embeddable":true,"href":"https:\/\/www.irdin.org.br\/site\/wp-json\/wp\/v2\/product_cat?post=86706"},{"taxonomy":"product_tag","embeddable":true,"href":"https:\/\/www.irdin.org.br\/site\/wp-json\/wp\/v2\/product_tag?post=86706"}],"curies":[{"name":"wp","href":"https:\/\/api.w.org\/{rel}","templated":true}]}}