{"id":86709,"date":"2019-12-31T13:26:33","date_gmt":"2019-12-31T13:26:33","guid":{"rendered":"https:\/\/www.irdin.org.br\/site\/?post_type=product&#038;p=86709"},"modified":"2025-07-12T18:55:27","modified_gmt":"2025-07-12T21:55:27","slug":"com-o-codigo-gna-em-nos","status":"publish","type":"product","link":"https:\/\/www.irdin.org.br\/site\/produtos\/com-o-codigo-gna-em-nos\/","title":{"rendered":"Com o c\u00f3digo GNA em n\u00f3s"},"content":{"rendered":"<p>Representantes da ra\u00e7a humana come\u00e7am a receber um novo c\u00f3digo gen\u00e9tico, de origem estelar, que implantado na consci\u00eancia desperta para a intui\u00e7\u00e3o e para que a energia c\u00f3smica se expresse na vida.<\/p>\n<p><strong>Ou\u00e7a agora:<\/strong><\/p>\n<p><span data-href=\"https:\/\/www.irdin.org.br\/site\/envios\/audios\/0040_0005__por_por__com_o_codigo_gna_em_nos.mp3\" data-title=\"\" data-rel=\"\" data-target=\"\" data-meta=\"#fap-meta-6a05bc0324eb2\" class=\"fap-single-track fap-track-button fap-play-button\" data-enqueue=\"no\" data-autoenqueue=\"no\" title=\"\"><span class=\"fap-icon-play\"><\/span>Ouvir<\/span> <a class=\"baixar\" href=\"https:\/\/www.irdin.org.br\/site\/envios\/audios\/0040_0005__por_por__com_o_codigo_gna_em_nos.mp3\" download=\"\">Baixar<\/a> <span class=\"textobaixar\">Com o c\u00f3digo GNA em n\u00f3s<br \/>\n<\/span><\/p>\n<p>&nbsp;<\/p>\n","protected":false},"excerpt":{"rendered":"<p>Representantes da ra\u00e7a humana come\u00e7am a receber um novo c\u00f3digo gen\u00e9tico, de origem estelar, que implantado na consci\u00eancia desperta para<\/p>\n","protected":false},"featured_media":37803,"template":"","meta":{"_acf_changed":false},"product_brand":[],"product_cat":[18076,33068,43099],"product_tag":[43840],"class_list":{"0":"post-86709","1":"product","2":"type-product","3":"status-publish","4":"has-post-thumbnail","6":"product_cat-cddvd","7":"product_cat-palestras","8":"product_cat-palestras-cddvd","9":"product_tag-43840","10":"pa_autor-trigueirinho","11":"pa_codigo-da-serie-32814","12":"pa_codigo-externo-00400005porcd","13":"pa_data-de-gravacao-31099","14":"pa_descricao-da-serie-vias-supraterrestres","15":"pa_duracao-36min32s","16":"pa_idioma-de-destino-portugues","17":"pa_idioma-de-origem-portugues","18":"pa_lancamento-no","19":"pa_midia-cd","20":"pa_moac-43839","21":"pa_sequencial-da-serie-31881","22":"pa_tipo-de-traducao-nao-classificado","24":"first","25":"outofstock","26":"product-type-simple"},"acf":[],"_links":{"self":[{"href":"https:\/\/www.irdin.org.br\/site\/wp-json\/wp\/v2\/product\/86709","targetHints":{"allow":["GET"]}}],"collection":[{"href":"https:\/\/www.irdin.org.br\/site\/wp-json\/wp\/v2\/product"}],"about":[{"href":"https:\/\/www.irdin.org.br\/site\/wp-json\/wp\/v2\/types\/product"}],"version-history":[{"count":1,"href":"https:\/\/www.irdin.org.br\/site\/wp-json\/wp\/v2\/product\/86709\/revisions"}],"predecessor-version":[{"id":106925,"href":"https:\/\/www.irdin.org.br\/site\/wp-json\/wp\/v2\/product\/86709\/revisions\/106925"}],"wp:featuredmedia":[{"embeddable":true,"href":"https:\/\/www.irdin.org.br\/site\/wp-json\/wp\/v2\/media\/37803"}],"wp:attachment":[{"href":"https:\/\/www.irdin.org.br\/site\/wp-json\/wp\/v2\/media?parent=86709"}],"wp:term":[{"taxonomy":"product_brand","embeddable":true,"href":"https:\/\/www.irdin.org.br\/site\/wp-json\/wp\/v2\/product_brand?post=86709"},{"taxonomy":"product_cat","embeddable":true,"href":"https:\/\/www.irdin.org.br\/site\/wp-json\/wp\/v2\/product_cat?post=86709"},{"taxonomy":"product_tag","embeddable":true,"href":"https:\/\/www.irdin.org.br\/site\/wp-json\/wp\/v2\/product_tag?post=86709"}],"curies":[{"name":"wp","href":"https:\/\/api.w.org\/{rel}","templated":true}]}}