{"id":86710,"date":"2019-12-31T13:34:10","date_gmt":"2019-12-31T13:34:10","guid":{"rendered":"https:\/\/www.irdin.org.br\/site\/?post_type=product&#038;p=86710"},"modified":"2025-07-12T18:47:47","modified_gmt":"2025-07-12T21:47:47","slug":"nosso-papel-na-transicao-planetaria","status":"publish","type":"product","link":"https:\/\/www.irdin.org.br\/site\/produtos\/nosso-papel-na-transicao-planetaria\/","title":{"rendered":"Nosso papel na transi\u00e7\u00e3o planet\u00e1ria"},"content":{"rendered":"<p>Acolher a todos \/ J\u00e1 estamos na transi\u00e7\u00e3o planet\u00e1ria \/ Esp\u00edrito Santo, aves e Reino Ang\u00e9lico \/ Locais de apari\u00e7\u00f5es \/  Servir a todos os Reinos \/ Resgatando almas atrav\u00e9s da ora\u00e7\u00e3o \/ Por que ora\u00e7\u00e3o? \/ Anjos, arcanjos e as Inicia\u00e7\u00f5es de Mainhdra \/ As 150 contas \/ <\/p>\n<p><strong>Ou\u00e7a agora:<\/strong><\/p>\n<p><span data-href=\"https:\/\/www.irdin.org.br\/site\/envios\/audios\/0061_0008__por_por__nosso_papel_na_transicao_planetaria.mp3\" data-title=\"\" data-rel=\"\" data-target=\"\" data-meta=\"#fap-meta-6a05cf6f9ae43\" class=\"fap-single-track fap-track-button fap-play-button\" data-enqueue=\"no\" data-autoenqueue=\"no\" title=\"\"><span class=\"fap-icon-play\"><\/span>Ouvir<\/span> <a class=\"baixar\" href=\"https:\/\/www.irdin.org.br\/site\/envios\/audios\/0061_0008__por_por__nosso_papel_na_transicao_planetaria.mp3\" download=\"\">Baixar<\/a> <span class=\"textobaixar\">Nosso papel na transi\u00e7\u00e3o planet\u00e1ria<\/span><\/p>\n<p>&nbsp;<\/p>\n","protected":false},"excerpt":{"rendered":"<p>Acolher a todos \/ J\u00e1 estamos na transi\u00e7\u00e3o planet\u00e1ria \/ Esp\u00edrito Santo, aves e Reino Ang\u00e9lico \/ Locais de apari\u00e7\u00f5es<\/p>\n","protected":false},"featured_media":37803,"template":"","meta":{"_acf_changed":false},"product_brand":[],"product_cat":[18076,33068,43099],"product_tag":[43842],"class_list":{"0":"post-86710","1":"product","2":"type-product","3":"status-publish","4":"has-post-thumbnail","6":"product_cat-cddvd","7":"product_cat-palestras","8":"product_cat-palestras-cddvd","9":"product_tag-43842","10":"pa_autor-trigueirinho","11":"pa_codigo-da-serie-31868","12":"pa_codigo-externo-00610008porcd","13":"pa_data-de-gravacao-27423","14":"pa_descricao-da-serie-energias-da-transicao-planetaria","15":"pa_duracao-41min34s","16":"pa_idioma-de-destino-portugues","17":"pa_idioma-de-origem-portugues","18":"pa_lancamento-no","19":"pa_midia-cd","20":"pa_moac-43841","21":"pa_sequencial-da-serie-31888","22":"pa_tipo-de-traducao-nao-classificado","24":"first","25":"outofstock","26":"product-type-simple"},"acf":[],"_links":{"self":[{"href":"https:\/\/www.irdin.org.br\/site\/wp-json\/wp\/v2\/product\/86710","targetHints":{"allow":["GET"]}}],"collection":[{"href":"https:\/\/www.irdin.org.br\/site\/wp-json\/wp\/v2\/product"}],"about":[{"href":"https:\/\/www.irdin.org.br\/site\/wp-json\/wp\/v2\/types\/product"}],"version-history":[{"count":1,"href":"https:\/\/www.irdin.org.br\/site\/wp-json\/wp\/v2\/product\/86710\/revisions"}],"predecessor-version":[{"id":106924,"href":"https:\/\/www.irdin.org.br\/site\/wp-json\/wp\/v2\/product\/86710\/revisions\/106924"}],"wp:featuredmedia":[{"embeddable":true,"href":"https:\/\/www.irdin.org.br\/site\/wp-json\/wp\/v2\/media\/37803"}],"wp:attachment":[{"href":"https:\/\/www.irdin.org.br\/site\/wp-json\/wp\/v2\/media?parent=86710"}],"wp:term":[{"taxonomy":"product_brand","embeddable":true,"href":"https:\/\/www.irdin.org.br\/site\/wp-json\/wp\/v2\/product_brand?post=86710"},{"taxonomy":"product_cat","embeddable":true,"href":"https:\/\/www.irdin.org.br\/site\/wp-json\/wp\/v2\/product_cat?post=86710"},{"taxonomy":"product_tag","embeddable":true,"href":"https:\/\/www.irdin.org.br\/site\/wp-json\/wp\/v2\/product_tag?post=86710"}],"curies":[{"name":"wp","href":"https:\/\/api.w.org\/{rel}","templated":true}]}}