{"id":86748,"date":"2020-01-09T16:39:20","date_gmt":"2020-01-09T16:39:20","guid":{"rendered":"https:\/\/www.irdin.org.br\/site\/?post_type=product&#038;p=86748"},"modified":"2025-07-12T18:11:12","modified_gmt":"2025-07-12T21:11:12","slug":"tornar-a-propria-vida-sagrada-2a-parte","status":"publish","type":"product","link":"https:\/\/www.irdin.org.br\/site\/produtos\/tornar-a-propria-vida-sagrada-2a-parte\/","title":{"rendered":"Tornar a pr\u00f3pria vida sagrada \u2013 2\u00aa parte"},"content":{"rendered":"<p>Ora\u00e7\u00e3o como criadora de novas condi\u00e7\u00f5es \/ O m\u00e1ximo que podemos dar a algu\u00e9m \u00e9 o exemplo \/ O atributo do monast\u00e9rio Decidido, dirigir-se ao seu Destino \/ A compreens\u00e3o humana e a espiritual de destino \/ Transcender a ilus\u00e3o individual \/ A vida dos homens espera para ser liberta \/ Necessidade de instru\u00e7\u00e3o interior.                  <\/p>\n<p><strong>Ou\u00e7a agora:<\/strong><\/p>\n<p><span data-href=\"https:\/\/www.irdin.org.br\/site\/envios\/audios\/0021_0040__por_por__tornar_a_propria_vida_sagrada_2_parte.mp3\" data-title=\"\" data-rel=\"\" data-target=\"\" data-meta=\"#fap-meta-69e63121b89c1\" class=\"fap-single-track fap-track-button fap-play-button\" data-enqueue=\"no\" data-autoenqueue=\"no\" title=\"\"><span class=\"fap-icon-play\"><\/span>Ouvir<\/span> <a class=\"baixar\" href=\"https:\/\/www.irdin.org.br\/site\/envios\/audios\/0021_0040__por_por__tornar_a_propria_vida_sagrada_2_parte.mp3\" download=\"\">Baixar<\/a> <span class=\"textobaixar\">Tornar a pr\u00f3pria vida sagrada \u2013 2\u00aa parte<\/span><\/p>\n<p>&nbsp;<\/p>\n","protected":false},"excerpt":{"rendered":"<p>Ora\u00e7\u00e3o como criadora de novas condi\u00e7\u00f5es \/ O m\u00e1ximo que podemos dar a algu\u00e9m \u00e9 o exemplo \/ O atributo<\/p>\n","protected":false},"featured_media":37803,"template":"","meta":{"_acf_changed":false},"product_brand":[],"product_cat":[18076,33068,43099],"product_tag":[43899],"class_list":{"0":"post-86748","1":"product","2":"type-product","3":"status-publish","4":"has-post-thumbnail","6":"product_cat-cddvd","7":"product_cat-palestras","8":"product_cat-palestras-cddvd","9":"product_tag-43899","10":"pa_autor-trigueirinho","11":"pa_codigo-da-serie-32805","12":"pa_codigo-externo-00210040porcd","13":"pa_data-de-gravacao-20653","14":"pa_descricao-da-serie-monasterio","15":"pa_duracao-35min","16":"pa_idioma-de-destino-portugues","17":"pa_idioma-de-origem-portugues","18":"pa_lancamento-no","19":"pa_midia-cd","20":"pa_moac-43898","21":"pa_sequencial-da-serie-31916","22":"pa_tipo-de-traducao-nao-classificado","24":"first","25":"outofstock","26":"product-type-simple"},"acf":[],"_links":{"self":[{"href":"https:\/\/www.irdin.org.br\/site\/wp-json\/wp\/v2\/product\/86748","targetHints":{"allow":["GET"]}}],"collection":[{"href":"https:\/\/www.irdin.org.br\/site\/wp-json\/wp\/v2\/product"}],"about":[{"href":"https:\/\/www.irdin.org.br\/site\/wp-json\/wp\/v2\/types\/product"}],"version-history":[{"count":1,"href":"https:\/\/www.irdin.org.br\/site\/wp-json\/wp\/v2\/product\/86748\/revisions"}],"predecessor-version":[{"id":106858,"href":"https:\/\/www.irdin.org.br\/site\/wp-json\/wp\/v2\/product\/86748\/revisions\/106858"}],"wp:featuredmedia":[{"embeddable":true,"href":"https:\/\/www.irdin.org.br\/site\/wp-json\/wp\/v2\/media\/37803"}],"wp:attachment":[{"href":"https:\/\/www.irdin.org.br\/site\/wp-json\/wp\/v2\/media?parent=86748"}],"wp:term":[{"taxonomy":"product_brand","embeddable":true,"href":"https:\/\/www.irdin.org.br\/site\/wp-json\/wp\/v2\/product_brand?post=86748"},{"taxonomy":"product_cat","embeddable":true,"href":"https:\/\/www.irdin.org.br\/site\/wp-json\/wp\/v2\/product_cat?post=86748"},{"taxonomy":"product_tag","embeddable":true,"href":"https:\/\/www.irdin.org.br\/site\/wp-json\/wp\/v2\/product_tag?post=86748"}],"curies":[{"name":"wp","href":"https:\/\/api.w.org\/{rel}","templated":true}]}}