{"id":86821,"date":"2020-03-01T10:46:45","date_gmt":"2020-03-01T10:46:45","guid":{"rendered":"https:\/\/www.irdin.org.br\/site\/?post_type=product&#038;p=86821"},"modified":"2025-12-22T09:47:55","modified_gmt":"2025-12-22T12:47:55","slug":"9788554410568","status":"publish","type":"product","link":"https:\/\/www.irdin.org.br\/site\/produtos\/9788554410568\/","title":{"rendered":"Versos Livres"},"content":{"rendered":"<p>Este primoroso livro de versos de Trigueirinho foi encontrado no acervo da Irdin Editora, pronto como est\u00e1, por\u00e9m sem nunca ter sido publicado.<br \/>\n\u00c9 mais um legado de poesia e beleza deixado por ele.<br \/>\nParece-nos ser mais um testemunho de seu amor e dedica\u00e7\u00e3o \u00e0 humanidade, um verdadeiro presente para seus leitores.<\/p>\n<p><a class=\"pdf\" href=\"\/pdf\/Versos_Livres_WEB.pdf\" target=\"_blank\" rel=\"noopener\">Baixar Gratuitamente<\/a><\/p>\n<p>&nbsp;<\/p>\n","protected":false},"excerpt":{"rendered":"<p>Este primoroso livro de versos de Trigueirinho foi encontrado no acervo da Irdin Editora, pronto como est\u00e1, por\u00e9m sem nunca<\/p>\n","protected":false},"featured_media":86822,"template":"","meta":{"_acf_changed":false},"product_brand":[],"product_cat":[33286,17972],"product_tag":[],"class_list":{"0":"post-86821","1":"product","2":"type-product","3":"status-publish","4":"has-post-thumbnail","6":"product_cat-livro","7":"product_cat-livros-livro","8":"pa_autor-trigueirinho","9":"pa_codigo-de-barras-43905","10":"pa_data-de-edicao-01-02-2020","11":"pa_edicao-17979","12":"pa_idioma-de-destino-portugues","13":"pa_idioma-de-origem-portugues","14":"pa_lancamento-yes","15":"pa_produto-fisico","16":"pa_quantidade-de-paginas-22982","18":"first","19":"instock","20":"purchasable","21":"product-type-simple"},"acf":[],"_links":{"self":[{"href":"https:\/\/www.irdin.org.br\/site\/wp-json\/wp\/v2\/product\/86821","targetHints":{"allow":["GET"]}}],"collection":[{"href":"https:\/\/www.irdin.org.br\/site\/wp-json\/wp\/v2\/product"}],"about":[{"href":"https:\/\/www.irdin.org.br\/site\/wp-json\/wp\/v2\/types\/product"}],"version-history":[{"count":2,"href":"https:\/\/www.irdin.org.br\/site\/wp-json\/wp\/v2\/product\/86821\/revisions"}],"predecessor-version":[{"id":109564,"href":"https:\/\/www.irdin.org.br\/site\/wp-json\/wp\/v2\/product\/86821\/revisions\/109564"}],"wp:featuredmedia":[{"embeddable":true,"href":"https:\/\/www.irdin.org.br\/site\/wp-json\/wp\/v2\/media\/86822"}],"wp:attachment":[{"href":"https:\/\/www.irdin.org.br\/site\/wp-json\/wp\/v2\/media?parent=86821"}],"wp:term":[{"taxonomy":"product_brand","embeddable":true,"href":"https:\/\/www.irdin.org.br\/site\/wp-json\/wp\/v2\/product_brand?post=86821"},{"taxonomy":"product_cat","embeddable":true,"href":"https:\/\/www.irdin.org.br\/site\/wp-json\/wp\/v2\/product_cat?post=86821"},{"taxonomy":"product_tag","embeddable":true,"href":"https:\/\/www.irdin.org.br\/site\/wp-json\/wp\/v2\/product_tag?post=86821"}],"curies":[{"name":"wp","href":"https:\/\/api.w.org\/{rel}","templated":true}]}}