{"id":86823,"date":"2020-03-01T11:10:07","date_gmt":"2020-03-01T11:10:07","guid":{"rendered":"https:\/\/www.irdin.org.br\/site\/?post_type=product&#038;p=86823"},"modified":"2026-04-04T14:17:09","modified_gmt":"2026-04-04T17:17:09","slug":"9788554410551","status":"publish","type":"product","link":"https:\/\/www.irdin.org.br\/site\/produtos\/9788554410551\/","title":{"rendered":"Janela da Alma"},"content":{"rendered":"<p>Poemas inspiradores que nos convidam a aprofundar o contato com nossa ess\u00eancia divina e com os aspectos sublimes da Cria\u00e7\u00e3o.<\/p>\n<p><a class=\"pdf\" href=\"\/pdf\/Janela da Alma_WEB.pdf\" target=\"_blank\" rel=\"noopener\">Baixar Gratuitamente<\/a><\/p>\n<p>&nbsp;<\/p>\n","protected":false},"excerpt":{"rendered":"<p>Poemas inspiradores que nos convidam a aprofundar o contato com nossa ess\u00eancia divina e com os aspectos sublimes da Cria\u00e7\u00e3o.<\/p>\n","protected":false},"featured_media":86824,"template":"","meta":{"_acf_changed":false},"product_brand":[],"product_cat":[33286,17972],"product_tag":[43908],"class_list":{"0":"post-86823","1":"product","2":"type-product","3":"status-publish","4":"has-post-thumbnail","6":"product_cat-livro","7":"product_cat-livros-livro","8":"product_tag-janela-alma","9":"pa_autor-marisa-prieto","10":"pa_codigo-de-barras-43907","11":"pa_data-de-edicao-01-02-2020","12":"pa_edicao-17979","13":"pa_idioma-de-origem-portugues","14":"pa_lancamento-yes","15":"pa_moac-43738","16":"pa_quantidade-de-paginas-43913","18":"first","19":"instock","20":"sale","21":"purchasable","22":"product-type-simple"},"acf":[],"_links":{"self":[{"href":"https:\/\/www.irdin.org.br\/site\/wp-json\/wp\/v2\/product\/86823","targetHints":{"allow":["GET"]}}],"collection":[{"href":"https:\/\/www.irdin.org.br\/site\/wp-json\/wp\/v2\/product"}],"about":[{"href":"https:\/\/www.irdin.org.br\/site\/wp-json\/wp\/v2\/types\/product"}],"version-history":[{"count":2,"href":"https:\/\/www.irdin.org.br\/site\/wp-json\/wp\/v2\/product\/86823\/revisions"}],"predecessor-version":[{"id":107193,"href":"https:\/\/www.irdin.org.br\/site\/wp-json\/wp\/v2\/product\/86823\/revisions\/107193"}],"wp:featuredmedia":[{"embeddable":true,"href":"https:\/\/www.irdin.org.br\/site\/wp-json\/wp\/v2\/media\/86824"}],"wp:attachment":[{"href":"https:\/\/www.irdin.org.br\/site\/wp-json\/wp\/v2\/media?parent=86823"}],"wp:term":[{"taxonomy":"product_brand","embeddable":true,"href":"https:\/\/www.irdin.org.br\/site\/wp-json\/wp\/v2\/product_brand?post=86823"},{"taxonomy":"product_cat","embeddable":true,"href":"https:\/\/www.irdin.org.br\/site\/wp-json\/wp\/v2\/product_cat?post=86823"},{"taxonomy":"product_tag","embeddable":true,"href":"https:\/\/www.irdin.org.br\/site\/wp-json\/wp\/v2\/product_tag?post=86823"}],"curies":[{"name":"wp","href":"https:\/\/api.w.org\/{rel}","templated":true}]}}