{"id":86883,"date":"2020-04-13T11:36:44","date_gmt":"2020-04-13T11:36:44","guid":{"rendered":"https:\/\/www.irdin.org.br\/site\/?post_type=product&#038;p=86883"},"modified":"2026-04-04T14:15:44","modified_gmt":"2026-04-04T17:15:44","slug":"9788571040496","status":"publish","type":"product","link":"https:\/\/www.irdin.org.br\/site\/produtos\/9788571040496\/","title":{"rendered":"Supraterrestre &#8211; Livro I"},"content":{"rendered":"<p>Urusvati sabe que muitas vezes, um pensamento curto, r\u00e1pido como um rel\u00e2mpago, tem mais valor que uma reflex\u00e3o demorada. Mas isto n\u00e3o se compreende logo. As pessoas acham que a profundidade artificial \u00e9 mais forte que um pensamento r\u00e1pido e n\u00e3o entendem que o pensamento instant\u00e2neo pode evidenciar uma influ\u00eancia superior.<\/p>\n<p>&nbsp;<\/p>\n","protected":false},"excerpt":{"rendered":"<p>Urusvati sabe que muitas vezes, um pensamento curto, r\u00e1pido como um rel\u00e2mpago, tem mais valor que uma reflex\u00e3o demorada. Mas<\/p>\n","protected":false},"featured_media":86884,"template":"","meta":{"_acf_changed":false},"product_brand":[],"product_cat":[33286,17972],"product_tag":[43610],"class_list":{"0":"post-86883","1":"product","2":"type-product","3":"status-publish","4":"has-post-thumbnail","6":"product_cat-livro","7":"product_cat-livros-livro","8":"product_tag-43610","9":"pa_autor-helena-roerich","10":"pa_classe-do-produto-fisico","11":"pa_codigo-de-barras-22299","12":"pa_codigo-externo-hr017avp","13":"pa_idioma-de-destino-portugues","14":"pa_idioma-de-origem-portugues","15":"pa_lancamento-no","16":"pa_midia-papel","17":"pa_moac-43602","18":"pa_quantidade-de-saldo-43603","19":"pa_tipo-de-traducao-nao-classificado","21":"first","22":"outofstock","23":"product-type-simple"},"acf":[],"_links":{"self":[{"href":"https:\/\/www.irdin.org.br\/site\/wp-json\/wp\/v2\/product\/86883","targetHints":{"allow":["GET"]}}],"collection":[{"href":"https:\/\/www.irdin.org.br\/site\/wp-json\/wp\/v2\/product"}],"about":[{"href":"https:\/\/www.irdin.org.br\/site\/wp-json\/wp\/v2\/types\/product"}],"version-history":[{"count":2,"href":"https:\/\/www.irdin.org.br\/site\/wp-json\/wp\/v2\/product\/86883\/revisions"}],"predecessor-version":[{"id":108135,"href":"https:\/\/www.irdin.org.br\/site\/wp-json\/wp\/v2\/product\/86883\/revisions\/108135"}],"wp:featuredmedia":[{"embeddable":true,"href":"https:\/\/www.irdin.org.br\/site\/wp-json\/wp\/v2\/media\/86884"}],"wp:attachment":[{"href":"https:\/\/www.irdin.org.br\/site\/wp-json\/wp\/v2\/media?parent=86883"}],"wp:term":[{"taxonomy":"product_brand","embeddable":true,"href":"https:\/\/www.irdin.org.br\/site\/wp-json\/wp\/v2\/product_brand?post=86883"},{"taxonomy":"product_cat","embeddable":true,"href":"https:\/\/www.irdin.org.br\/site\/wp-json\/wp\/v2\/product_cat?post=86883"},{"taxonomy":"product_tag","embeddable":true,"href":"https:\/\/www.irdin.org.br\/site\/wp-json\/wp\/v2\/product_tag?post=86883"}],"curies":[{"name":"wp","href":"https:\/\/api.w.org\/{rel}","templated":true}]}}