{"id":86981,"date":"2020-06-05T14:14:14","date_gmt":"2020-06-05T14:14:14","guid":{"rendered":"https:\/\/www.irdin.org.br\/site\/?post_type=product&#038;p=86981"},"modified":"2026-03-16T12:38:27","modified_gmt":"2026-03-16T15:38:27","slug":"9788554410483","status":"publish","type":"product","link":"https:\/\/www.irdin.org.br\/site\/produtos\/9788554410483\/","title":{"rendered":"Poemas de un Alma al Sagrado y Bendito Coraz\u00f3n de Jes\u00fas"},"content":{"rendered":"<p>En estos Poemas, las almas encontrar\u00e1n llaves para profundizar en el Amor de Cristo, fortaleza para superar las pruebas y un camino seguro hacia la transformaci\u00f3n interior.<\/p>\n<p><a class=\"pdf\" href=\"\/pdf\/Poemas de un alma_WEB.pdf\" target=\"_blank\" rel=\"noopener\">Baixar Gratuitamente<\/a><\/p>\n<p>&nbsp;<\/p>\n","protected":false},"excerpt":{"rendered":"<p>En estos Poemas, las almas encontrar\u00e1n llaves para profundizar en el Amor de Cristo, fortaleza para superar las pruebas y<\/p>\n","protected":false},"featured_media":86982,"template":"","meta":{"_acf_changed":false},"product_brand":[],"product_cat":[33286,17972],"product_tag":[],"class_list":{"0":"post-86981","1":"product","2":"type-product","3":"status-publish","4":"has-post-thumbnail","6":"product_cat-livro","7":"product_cat-livros-livro","8":"pa_autor-frei-elias-del-sagrado-corazon","9":"pa_autor-madre-maria-shimani","10":"pa_classe-do-produto-fisico","11":"pa_codigo-de-barras-43921","12":"pa_idioma-de-destino-espanhol","13":"pa_idioma-de-origem-espanhol","14":"pa_lancamento-yes","15":"pa_midia-papel","16":"pa_moac-33640","17":"pa_quantidade-de-paginas-23168","18":"pa_quantidade-de-saldo-32994","19":"pa_tipo-de-traducao-nao-classificado","21":"first","22":"instock","23":"purchasable","24":"product-type-simple"},"acf":[],"_links":{"self":[{"href":"https:\/\/www.irdin.org.br\/site\/wp-json\/wp\/v2\/product\/86981","targetHints":{"allow":["GET"]}}],"collection":[{"href":"https:\/\/www.irdin.org.br\/site\/wp-json\/wp\/v2\/product"}],"about":[{"href":"https:\/\/www.irdin.org.br\/site\/wp-json\/wp\/v2\/types\/product"}],"version-history":[{"count":2,"href":"https:\/\/www.irdin.org.br\/site\/wp-json\/wp\/v2\/product\/86981\/revisions"}],"predecessor-version":[{"id":106482,"href":"https:\/\/www.irdin.org.br\/site\/wp-json\/wp\/v2\/product\/86981\/revisions\/106482"}],"wp:featuredmedia":[{"embeddable":true,"href":"https:\/\/www.irdin.org.br\/site\/wp-json\/wp\/v2\/media\/86982"}],"wp:attachment":[{"href":"https:\/\/www.irdin.org.br\/site\/wp-json\/wp\/v2\/media?parent=86981"}],"wp:term":[{"taxonomy":"product_brand","embeddable":true,"href":"https:\/\/www.irdin.org.br\/site\/wp-json\/wp\/v2\/product_brand?post=86981"},{"taxonomy":"product_cat","embeddable":true,"href":"https:\/\/www.irdin.org.br\/site\/wp-json\/wp\/v2\/product_cat?post=86981"},{"taxonomy":"product_tag","embeddable":true,"href":"https:\/\/www.irdin.org.br\/site\/wp-json\/wp\/v2\/product_tag?post=86981"}],"curies":[{"name":"wp","href":"https:\/\/api.w.org\/{rel}","templated":true}]}}