{"id":86986,"date":"2020-06-05T14:53:24","date_gmt":"2020-06-05T14:53:24","guid":{"rendered":"https:\/\/www.irdin.org.br\/site\/?post_type=product&#038;p=86986"},"modified":"2026-04-04T14:13:57","modified_gmt":"2026-04-04T17:13:57","slug":"9788554410476","status":"publish","type":"product","link":"https:\/\/www.irdin.org.br\/site\/produtos\/9788554410476\/","title":{"rendered":"Poemas de uma Alma ao Sagrado e Bendito Cora\u00e7\u00e3o de Jesus"},"content":{"rendered":"<p>Nestes Poemas, as almas encontrar\u00e3o chaves para aprofundar no Amor de Cristo, fortaleza para superar as provas e um caminho seguro para a transforma\u00e7\u00e3o interior.<\/p>\n<p><a class=\"pdf\" href=\"\/pdf\/Poemas de uma alma_WEB.pdf\" target=\"_blank\" rel=\"noopener\">Baixar Gratuitamente<\/a><\/p>\n<p>&nbsp;<\/p>\n","protected":false},"excerpt":{"rendered":"<p>Nestes Poemas, as almas encontrar\u00e3o chaves para aprofundar no Amor de Cristo, fortaleza para superar as provas e um caminho<\/p>\n","protected":false},"featured_media":86987,"template":"","meta":{"_acf_changed":false},"product_brand":[],"product_cat":[33286,17972],"product_tag":[],"class_list":{"0":"post-86986","1":"product","2":"type-product","3":"status-publish","4":"has-post-thumbnail","6":"product_cat-livro","7":"product_cat-livros-livro","8":"pa_autor-frei-elias-del-sagrado-corazon","9":"pa_autor-madre-maria-shimani","10":"pa_classe-do-produto-fisico","11":"pa_codigo-de-barras-43923","12":"pa_idioma-de-destino-portugues","13":"pa_idioma-de-origem-espanhol","14":"pa_lancamento-yes","15":"pa_midia-papel","16":"pa_moac-33640","17":"pa_quantidade-de-paginas-23168","18":"pa_quantidade-de-saldo-32994","19":"pa_tipo-de-traducao-nao-classificado","21":"first","22":"instock","23":"purchasable","24":"product-type-simple"},"acf":[],"_links":{"self":[{"href":"https:\/\/www.irdin.org.br\/site\/wp-json\/wp\/v2\/product\/86986","targetHints":{"allow":["GET"]}}],"collection":[{"href":"https:\/\/www.irdin.org.br\/site\/wp-json\/wp\/v2\/product"}],"about":[{"href":"https:\/\/www.irdin.org.br\/site\/wp-json\/wp\/v2\/types\/product"}],"version-history":[{"count":1,"href":"https:\/\/www.irdin.org.br\/site\/wp-json\/wp\/v2\/product\/86986\/revisions"}],"predecessor-version":[{"id":106481,"href":"https:\/\/www.irdin.org.br\/site\/wp-json\/wp\/v2\/product\/86986\/revisions\/106481"}],"wp:featuredmedia":[{"embeddable":true,"href":"https:\/\/www.irdin.org.br\/site\/wp-json\/wp\/v2\/media\/86987"}],"wp:attachment":[{"href":"https:\/\/www.irdin.org.br\/site\/wp-json\/wp\/v2\/media?parent=86986"}],"wp:term":[{"taxonomy":"product_brand","embeddable":true,"href":"https:\/\/www.irdin.org.br\/site\/wp-json\/wp\/v2\/product_brand?post=86986"},{"taxonomy":"product_cat","embeddable":true,"href":"https:\/\/www.irdin.org.br\/site\/wp-json\/wp\/v2\/product_cat?post=86986"},{"taxonomy":"product_tag","embeddable":true,"href":"https:\/\/www.irdin.org.br\/site\/wp-json\/wp\/v2\/product_tag?post=86986"}],"curies":[{"name":"wp","href":"https:\/\/api.w.org\/{rel}","templated":true}]}}