{"id":86989,"date":"2020-06-05T19:29:12","date_gmt":"2020-06-05T19:29:12","guid":{"rendered":"https:\/\/www.irdin.org.br\/site\/?post_type=product&#038;p=86989"},"modified":"2022-02-01T02:49:01","modified_gmt":"2022-02-01T02:49:01","slug":"poemes-dune-ame-au-coeur-sacre-et-beni-de-jesus","status":"publish","type":"product","link":"https:\/\/www.irdin.org.br\/site\/produtos\/poemes-dune-ame-au-coeur-sacre-et-beni-de-jesus\/","title":{"rendered":"Po\u00e8mes d\u2019une \u00c2me au C\u0153ur Sacr\u00e9 et B\u00e9ni de J\u00e9sus"},"content":{"rendered":"<p>Dans ces Po\u00e8mes, les \u00e2mes trouveront des cl\u00e9s pour approfondir l\u00b4Amour du Christ, la force pour surpasser les \u00e9preuves et un chemin s\u00fbr vers la transformation int\u00e9rieure.<\/p>\n<p><a class=\"pdf\" href=\"\/pdf\/Poemes d une ame_WEB.pdf\" target=\"_blank\" rel=\"noopener\">Baixar Gratuitamente<\/a><\/p>\n<p>&nbsp;<\/p>\n","protected":false},"excerpt":{"rendered":"<p>Dans ces Po\u00e8mes, les \u00e2mes trouveront des cl\u00e9s pour approfondir l\u00b4Amour du Christ, la force pour surpasser les \u00e9preuves et<\/p>\n","protected":false},"featured_media":86990,"template":"","meta":{"_acf_changed":false},"product_brand":[],"product_cat":[33286,17972],"product_tag":[],"class_list":{"0":"post-86989","1":"product","2":"type-product","3":"status-publish","4":"has-post-thumbnail","6":"product_cat-livro","7":"product_cat-livros-livro","8":"pa_autor-frei-elias-del-sagrado-corazon","9":"pa_autor-madre-maria-shimani","10":"pa_classe-do-produto-fisico","11":"pa_codigo-de-barras-43924","12":"pa_idioma-de-destino-frances","13":"pa_idioma-de-origem-espanhol","14":"pa_lancamento-yes","15":"pa_midia-papel","16":"pa_quantidade-de-paginas-23168","17":"pa_quantidade-de-saldo-32994","18":"pa_tipo-de-traducao-nao-classificado","20":"first","21":"outofstock","22":"product-type-simple"},"acf":[],"_links":{"self":[{"href":"https:\/\/www.irdin.org.br\/site\/wp-json\/wp\/v2\/product\/86989","targetHints":{"allow":["GET"]}}],"collection":[{"href":"https:\/\/www.irdin.org.br\/site\/wp-json\/wp\/v2\/product"}],"about":[{"href":"https:\/\/www.irdin.org.br\/site\/wp-json\/wp\/v2\/types\/product"}],"version-history":[{"count":0,"href":"https:\/\/www.irdin.org.br\/site\/wp-json\/wp\/v2\/product\/86989\/revisions"}],"wp:featuredmedia":[{"embeddable":true,"href":"https:\/\/www.irdin.org.br\/site\/wp-json\/wp\/v2\/media\/86990"}],"wp:attachment":[{"href":"https:\/\/www.irdin.org.br\/site\/wp-json\/wp\/v2\/media?parent=86989"}],"wp:term":[{"taxonomy":"product_brand","embeddable":true,"href":"https:\/\/www.irdin.org.br\/site\/wp-json\/wp\/v2\/product_brand?post=86989"},{"taxonomy":"product_cat","embeddable":true,"href":"https:\/\/www.irdin.org.br\/site\/wp-json\/wp\/v2\/product_cat?post=86989"},{"taxonomy":"product_tag","embeddable":true,"href":"https:\/\/www.irdin.org.br\/site\/wp-json\/wp\/v2\/product_tag?post=86989"}],"curies":[{"name":"wp","href":"https:\/\/api.w.org\/{rel}","templated":true}]}}