{"id":87075,"date":"2020-07-17T19:14:39","date_gmt":"2020-07-17T19:14:39","guid":{"rendered":"https:\/\/www.irdin.org.br\/site\/?post_type=product&#038;p=87075"},"modified":"2026-04-08T08:42:54","modified_gmt":"2026-04-08T11:42:54","slug":"9786588468326","status":"publish","type":"product","link":"https:\/\/www.irdin.org.br\/site\/produtos\/9786588468326\/","title":{"rendered":"Ros\u00e1rio pela Paz das Crian\u00e7as na Guerra (vers\u00e3o tril\u00edngue &#8211; PT\/ES\/EN)"},"content":{"rendered":"<p>O Ros\u00e1rio pela Paz das Crian\u00e7as na Guerra faz parte de uma trilogia denominada, pela Virgem Maria, \u201cTrilogia Espiritual de Ora\u00e7\u00e3o para o Fim dos Tempos\u201d.<\/p>\n<p>Esse exerc\u00edcio espiritual foi transmitido no dia 20 de setembro de 2015, em Sua mensagem di\u00e1ria no Centro Mariano de Figueira, Minas Gerais, Brasil, ao vidente Frei El\u00edas del Sagrado Coraz\u00f3n de Jes\u00fas. Nesse dia, Nossa Senhora se apresentou como Rosa da Paz e pediu ajuda a todos os orantes para que, pelo menos, a maldade pudesse ser apagada dos cru\u00e9is cora\u00e7\u00f5es. Ela nos ensinou que \u201cser\u00e1 por meio da oferenda verdadeira de voc\u00eas que o Pai Celestial derramar\u00e1 a Miseric\u00f3rdia nos cora\u00e7\u00f5es que mais necessitam dela.\u201d Ela tamb\u00e9m nos lembrou que estamos em tempos de emerg\u00eancia e que, por isso, o prop\u00f3sito e o caminho de cada um de Seus Filhos devem estar bem claros.&#8221; Para impedir a Ira de Deus no mundo e para interceder pelas almas das crian\u00e7as inocentes. Para que a Paz Celestial se estabele\u00e7a nos pobres cora\u00e7\u00f5es do mundo, entrego-lhes o Ros\u00e1rio pela Paz das Crian\u00e7as na Guerra&#8221;.<\/p>\n<p>* Livro acompanha encarte para colorir<\/p>\n<p><a class=\"pdf\" href=\"\/pdf\/Rosario pela Paz das Crian\u00e7as na Guerra WEB.pdf\" target=\"_blank\" rel=\"noopener\">&#8220;Baixar Gratuitamente Ros\u00e1rio&#8221;<\/a><\/p>\n<p>&nbsp;<\/p>\n<p>&nbsp;<\/p>\n<p><a class=\"pdf\" href=\"\/pdf\/Livro para Colorir pela Paz.pdf\" target=\"_blank\" rel=\"noopener\">&#8220;Baixar Livro de Colorir&#8221;<\/a><\/p>\n<p><iframe loading=\"lazy\" title=\"Relan\u00e7amento: Ros\u00e1rio pela Paz das Crian\u00e7as na Guerra\" width=\"500\" height=\"281\" src=\"https:\/\/www.youtube.com\/embed\/g_V20NSnRtI?feature=oembed\" frameborder=\"0\" allow=\"accelerometer; autoplay; clipboard-write; encrypted-media; gyroscope; picture-in-picture; web-share\" referrerpolicy=\"strict-origin-when-cross-origin\" allowfullscreen><\/iframe><\/p>\n<p>&nbsp;<\/p>\n","protected":false},"excerpt":{"rendered":"<p>O Ros\u00e1rio pela Paz das Crian\u00e7as na Guerra faz parte de uma trilogia denominada, pela Virgem Maria, \u201cTrilogia Espiritual de<\/p>\n","protected":false},"featured_media":103725,"template":"","meta":{"_acf_changed":false},"product_brand":[],"product_cat":[33286,17972],"product_tag":[],"class_list":{"0":"post-87075","1":"product","2":"type-product","3":"status-publish","4":"has-post-thumbnail","6":"product_cat-livro","7":"product_cat-livros-livro","8":"pa_autor-frei-elias-del-sagrado-corazon","9":"pa_autor-madre-maria-shimani","10":"pa_classe-do-produto-fisico","11":"pa_codigo-de-barras-44039","12":"pa_edicao-17961","13":"pa_idioma-de-destino-espanhol","14":"pa_idioma-de-destino-ingles","15":"pa_idioma-de-destino-portugues","16":"pa_idioma-de-origem-espanhol","17":"pa_lancamento-yes","18":"pa_midia-papel","19":"pa_quantidade-de-paginas-22728","20":"pa_quantidade-de-saldo-32994","21":"pa_tipo-de-traducao-nao-classificado","23":"first","24":"instock","25":"purchasable","26":"product-type-simple"},"acf":[],"_links":{"self":[{"href":"https:\/\/www.irdin.org.br\/site\/wp-json\/wp\/v2\/product\/87075","targetHints":{"allow":["GET"]}}],"collection":[{"href":"https:\/\/www.irdin.org.br\/site\/wp-json\/wp\/v2\/product"}],"about":[{"href":"https:\/\/www.irdin.org.br\/site\/wp-json\/wp\/v2\/types\/product"}],"version-history":[{"count":3,"href":"https:\/\/www.irdin.org.br\/site\/wp-json\/wp\/v2\/product\/87075\/revisions"}],"predecessor-version":[{"id":103724,"href":"https:\/\/www.irdin.org.br\/site\/wp-json\/wp\/v2\/product\/87075\/revisions\/103724"}],"wp:featuredmedia":[{"embeddable":true,"href":"https:\/\/www.irdin.org.br\/site\/wp-json\/wp\/v2\/media\/103725"}],"wp:attachment":[{"href":"https:\/\/www.irdin.org.br\/site\/wp-json\/wp\/v2\/media?parent=87075"}],"wp:term":[{"taxonomy":"product_brand","embeddable":true,"href":"https:\/\/www.irdin.org.br\/site\/wp-json\/wp\/v2\/product_brand?post=87075"},{"taxonomy":"product_cat","embeddable":true,"href":"https:\/\/www.irdin.org.br\/site\/wp-json\/wp\/v2\/product_cat?post=87075"},{"taxonomy":"product_tag","embeddable":true,"href":"https:\/\/www.irdin.org.br\/site\/wp-json\/wp\/v2\/product_tag?post=87075"}],"curies":[{"name":"wp","href":"https:\/\/api.w.org\/{rel}","templated":true}]}}