{"id":87199,"date":"2020-08-31T12:56:02","date_gmt":"2020-08-31T12:56:02","guid":{"rendered":"https:\/\/www.irdin.org.br\/site\/?post_type=product&#038;p=87199"},"modified":"2026-03-16T12:37:08","modified_gmt":"2026-03-16T15:37:08","slug":"9786599051029","status":"publish","type":"product","link":"https:\/\/www.irdin.org.br\/site\/produtos\/9786599051029\/","title":{"rendered":"Versos Libres"},"content":{"rendered":"<p>Este primoroso libro de versos de Trigueirinho fue encontrado listo en el acervo de Irdin Editora, sin embargo nunca fue publicado. Es un legado de poes\u00eda y belleza que \u00e9l nos\u00a0dej\u00f3. Nos parece un testimonio m\u00e1s de su amor y dedicaci\u00f3n hacia la humanidad, un verdadero regalo para sus lectores.<\/p>\n<p><a class=\"pdf\" href=\"\/pdf\/Versos_Libres_ESP_WEB.pdf\" target=\"_blank\" rel=\"noopener\">Baixar Gratuitamente<\/a><\/p>\n<p>&nbsp;<\/p>\n","protected":false},"excerpt":{"rendered":"<p>Este primoroso libro de versos de Trigueirinho fue encontrado listo en el acervo de Irdin Editora, sin embargo nunca fue<\/p>\n","protected":false},"featured_media":87210,"template":"","meta":{"_acf_changed":false},"product_brand":[],"product_cat":[33286,17972],"product_tag":[],"class_list":{"0":"post-87199","1":"product","2":"type-product","3":"status-publish","4":"has-post-thumbnail","6":"product_cat-livro","7":"product_cat-livros-livro","8":"pa_autor-trigueirinho","9":"pa_codigo-de-barras-43936","10":"pa_data-de-edicao-01-02-2020","11":"pa_edicao-17979","12":"pa_idioma-de-destino-espanhol","13":"pa_idioma-de-origem-portugues","14":"pa_lancamento-yes","15":"pa_produto-fisico","16":"pa_quantidade-de-paginas-17989","18":"first","19":"instock","20":"purchasable","21":"product-type-simple"},"acf":[],"_links":{"self":[{"href":"https:\/\/www.irdin.org.br\/site\/wp-json\/wp\/v2\/product\/87199","targetHints":{"allow":["GET"]}}],"collection":[{"href":"https:\/\/www.irdin.org.br\/site\/wp-json\/wp\/v2\/product"}],"about":[{"href":"https:\/\/www.irdin.org.br\/site\/wp-json\/wp\/v2\/types\/product"}],"version-history":[{"count":1,"href":"https:\/\/www.irdin.org.br\/site\/wp-json\/wp\/v2\/product\/87199\/revisions"}],"predecessor-version":[{"id":106395,"href":"https:\/\/www.irdin.org.br\/site\/wp-json\/wp\/v2\/product\/87199\/revisions\/106395"}],"wp:featuredmedia":[{"embeddable":true,"href":"https:\/\/www.irdin.org.br\/site\/wp-json\/wp\/v2\/media\/87210"}],"wp:attachment":[{"href":"https:\/\/www.irdin.org.br\/site\/wp-json\/wp\/v2\/media?parent=87199"}],"wp:term":[{"taxonomy":"product_brand","embeddable":true,"href":"https:\/\/www.irdin.org.br\/site\/wp-json\/wp\/v2\/product_brand?post=87199"},{"taxonomy":"product_cat","embeddable":true,"href":"https:\/\/www.irdin.org.br\/site\/wp-json\/wp\/v2\/product_cat?post=87199"},{"taxonomy":"product_tag","embeddable":true,"href":"https:\/\/www.irdin.org.br\/site\/wp-json\/wp\/v2\/product_tag?post=87199"}],"curies":[{"name":"wp","href":"https:\/\/api.w.org\/{rel}","templated":true}]}}