{"id":87328,"date":"2020-10-19T12:07:31","date_gmt":"2020-10-19T12:07:31","guid":{"rendered":"https:\/\/www.irdin.org.br\/site\/?post_type=product&#038;p=87328"},"modified":"2025-12-20T19:06:04","modified_gmt":"2025-12-20T22:06:04","slug":"9781908176424","status":"publish","type":"product","link":"https:\/\/www.irdin.org.br\/site\/produtos\/9781908176424\/","title":{"rendered":"El Manual Esfera &#8211; Carta Humanitaria y Normas M\u00ednimas para la Respuesta Humanitaria"},"content":{"rendered":"<p>El Manual Esfera presenta un enfoque basado en principios para abordar la calidad y la rendici\u00f3n de cuentas en las respuestas humanitarias. Traduce a la pr\u00e1ctica la convicci\u00f3n fundamental de Esfera de que todas las personas afectadas por desastres o conflictos tienen derecho a una vida con dignidad y a recibir asistencia humanitaria.<\/p>\n<p>La Carta Humanitaria es la piedra angular del Manual que, junto a los Principios de Protecci\u00f3n y la Norma Humanitaria Esencial, establecen los fundamentos en que se basan todos los sectores de asistencia. Las normas t\u00e9cnicas establecen prioridades para dar una respuesta en cuatro sectores principales que salvan vidas: agua, saneamiento y promoci\u00f3n de la higiene; seguridad alimentaria y nutrici\u00f3n; alojamiento y asentamiento, y salud.<\/p>\n<p>Las normas m\u00ednimas medibles describen lo que es necesario lograr en una respuesta humanitaria para que las personas sobrevivan y restablezcan sus vidas y sus medios de vida de una forma que respete su voz y promueva su dignidad. Las acciones clave, indicadores y notas de orientaci\u00f3n ofrecen diversas maneras de aplicar estas normas en distintos contextos. Todos los cap\u00edtulos est\u00e1n vinculados y se refuerzan entre s\u00ed.<\/p>\n<p>La fuerza del Manual Esfera reside en su car\u00e1cter universal y su capacidad para adaptarse a todos los contextos humanitarios. Goza de un amplio respaldo en el sector humanitario y, por ello, ofrece un lenguaje com\u00fan para trabajar con todas las partes interesadas en aras de una mayor calidad y rendici\u00f3n de cuentas en los contextos humanitarios.<\/p>\n<p><a class=\"pdf\" href=\"\/pdf\/El_Manual_Esfera_WEB.pdf\" target=\"_blank\" rel=\"noopener\">Baixar Gratuitamente<\/a><\/p>\n<p>&nbsp;<\/p>\n","protected":false},"excerpt":{"rendered":"<p>El Manual Esfera presenta un enfoque basado en principios para abordar la calidad y la rendici\u00f3n de cuentas en las<\/p>\n","protected":false},"featured_media":87333,"template":"","meta":{"_acf_changed":false},"product_brand":[],"product_cat":[33286,17972],"product_tag":[],"class_list":{"0":"post-87328","1":"product","2":"type-product","3":"status-publish","4":"has-post-thumbnail","6":"product_cat-livro","7":"product_cat-livros-livro","8":"pa_autor-sphere-association","9":"pa_classe-do-produto-fisico","10":"pa_codigo-de-barras-43941","11":"pa_idioma-de-destino-espanhol","12":"pa_lancamento-yes","13":"pa_midia-papel","14":"pa_quantidade-de-paginas-43943","15":"pa_tipo-de-traducao-nao-classificado","17":"first","18":"instock","19":"purchasable","20":"product-type-simple"},"acf":[],"_links":{"self":[{"href":"https:\/\/www.irdin.org.br\/site\/wp-json\/wp\/v2\/product\/87328","targetHints":{"allow":["GET"]}}],"collection":[{"href":"https:\/\/www.irdin.org.br\/site\/wp-json\/wp\/v2\/product"}],"about":[{"href":"https:\/\/www.irdin.org.br\/site\/wp-json\/wp\/v2\/types\/product"}],"version-history":[{"count":1,"href":"https:\/\/www.irdin.org.br\/site\/wp-json\/wp\/v2\/product\/87328\/revisions"}],"predecessor-version":[{"id":106497,"href":"https:\/\/www.irdin.org.br\/site\/wp-json\/wp\/v2\/product\/87328\/revisions\/106497"}],"wp:featuredmedia":[{"embeddable":true,"href":"https:\/\/www.irdin.org.br\/site\/wp-json\/wp\/v2\/media\/87333"}],"wp:attachment":[{"href":"https:\/\/www.irdin.org.br\/site\/wp-json\/wp\/v2\/media?parent=87328"}],"wp:term":[{"taxonomy":"product_brand","embeddable":true,"href":"https:\/\/www.irdin.org.br\/site\/wp-json\/wp\/v2\/product_brand?post=87328"},{"taxonomy":"product_cat","embeddable":true,"href":"https:\/\/www.irdin.org.br\/site\/wp-json\/wp\/v2\/product_cat?post=87328"},{"taxonomy":"product_tag","embeddable":true,"href":"https:\/\/www.irdin.org.br\/site\/wp-json\/wp\/v2\/product_tag?post=87328"}],"curies":[{"name":"wp","href":"https:\/\/api.w.org\/{rel}","templated":true}]}}