{"id":87329,"date":"2020-10-19T12:17:34","date_gmt":"2020-10-19T12:17:34","guid":{"rendered":"https:\/\/www.irdin.org.br\/site\/?post_type=product&#038;p=87329"},"modified":"2026-03-25T12:05:05","modified_gmt":"2026-03-25T15:05:05","slug":"9786588468036","status":"publish","type":"product","link":"https:\/\/www.irdin.org.br\/site\/produtos\/9786588468036\/","title":{"rendered":"O Manual Esfera &#8211; Carta Humanit\u00e1ria e Normas M\u00ednimas para Resposta Humanit\u00e1ria"},"content":{"rendered":"<p>O Manual Esfera apresenta uma abordagem dos princ\u00edpios da qualidade<br \/>\ne da responsabilidade em respostas humanit\u00e1rias. Ele \u00e9 uma tradu\u00e7\u00e3o pr\u00e1tica da cren\u00e7a essencial da Esfera de que todas as pessoas afetadas por uma cat\u00e1strofe ou conflito t\u00eam o direito de viver com dignidade e de receber assist\u00eancia humanit\u00e1ria.<\/p>\n<p>A Carta Humanit\u00e1ria \u00e9 a pedra angular do Manual, com os Princ\u00edpios de Prote\u00e7\u00e3o e a Norma Humanit\u00e1ria Essencial estabelecendo uma base que orienta todos os setores da assist\u00eancia. As Normas T\u00e9cnicas definem as prioridades para que seja poss\u00edvel uma resposta em quatro setores fundamentais para salvar vidas: \u00e1gua, saneamento e promo\u00e7\u00e3o de higiene; seguran\u00e7a alimentar e nutri\u00e7\u00e3o; alojamento e assentamento; sa\u00fade.<\/p>\n<p>As Normas M\u00ednimas mensur\u00e1veis descrevem o que \u00e9 preciso alcan\u00e7ar em uma resposta humanit\u00e1ria para que as pessoas possam sobreviver e restabelecer suas vidas e meios de subsist\u00eancia de modo a que seja respeitada sua voz e estimulada sua dignidade. As a\u00e7\u00f5es-chave, os indicadores-chave e as notas de orienta\u00e7\u00e3o fornecem os meios para aplicar essas normas em diversos contextos. Os cap\u00edtulos est\u00e3o todos ligados e se complementam uns aos outros.<\/p>\n<p>A for\u00e7a de todo o Manual Esfera reside em sua universalidade e adaptabilidade a todos os contextos humanit\u00e1rios. Ele tem ampla ades\u00e3o do setor humanit\u00e1rio e, portanto, proporciona uma linguagem comum para trabalhar com todas as partes intervenientes no que diz respeito \u00e0 qualidade e \u00e0 presta\u00e7\u00e3o de contas em contextos humanit\u00e1rios.<\/p>\n<p><a class=\"pdf\" href=\"\/pdf\/O_Manual_Esfera_WEB.pdf\" target=\"_blank\" rel=\"noopener\">Baixar Gratuitamente<\/a><\/p>\n<p>&nbsp;<\/p>\n<p>&nbsp;<\/p>\n","protected":false},"excerpt":{"rendered":"<p>O Manual Esfera apresenta uma abordagem dos princ\u00edpios da qualidade e da responsabilidade em respostas humanit\u00e1rias. Ele \u00e9 uma tradu\u00e7\u00e3o<\/p>\n","protected":false},"featured_media":87334,"template":"","meta":{"_acf_changed":false},"product_brand":[],"product_cat":[33286,17972],"product_tag":[],"class_list":{"0":"post-87329","1":"product","2":"type-product","3":"status-publish","4":"has-post-thumbnail","6":"product_cat-livro","7":"product_cat-livros-livro","8":"pa_autor-sphere-association","9":"pa_classe-do-produto-fisico","10":"pa_codigo-de-barras-43944","11":"pa_idioma-de-destino-portugues","12":"pa_lancamento-yes","13":"pa_midia-papel","14":"pa_quantidade-de-paginas-43942","15":"pa_tipo-de-traducao-nao-classificado","17":"first","18":"instock","19":"purchasable","20":"product-type-simple"},"acf":[],"_links":{"self":[{"href":"https:\/\/www.irdin.org.br\/site\/wp-json\/wp\/v2\/product\/87329","targetHints":{"allow":["GET"]}}],"collection":[{"href":"https:\/\/www.irdin.org.br\/site\/wp-json\/wp\/v2\/product"}],"about":[{"href":"https:\/\/www.irdin.org.br\/site\/wp-json\/wp\/v2\/types\/product"}],"version-history":[{"count":2,"href":"https:\/\/www.irdin.org.br\/site\/wp-json\/wp\/v2\/product\/87329\/revisions"}],"predecessor-version":[{"id":106496,"href":"https:\/\/www.irdin.org.br\/site\/wp-json\/wp\/v2\/product\/87329\/revisions\/106496"}],"wp:featuredmedia":[{"embeddable":true,"href":"https:\/\/www.irdin.org.br\/site\/wp-json\/wp\/v2\/media\/87334"}],"wp:attachment":[{"href":"https:\/\/www.irdin.org.br\/site\/wp-json\/wp\/v2\/media?parent=87329"}],"wp:term":[{"taxonomy":"product_brand","embeddable":true,"href":"https:\/\/www.irdin.org.br\/site\/wp-json\/wp\/v2\/product_brand?post=87329"},{"taxonomy":"product_cat","embeddable":true,"href":"https:\/\/www.irdin.org.br\/site\/wp-json\/wp\/v2\/product_cat?post=87329"},{"taxonomy":"product_tag","embeddable":true,"href":"https:\/\/www.irdin.org.br\/site\/wp-json\/wp\/v2\/product_tag?post=87329"}],"curies":[{"name":"wp","href":"https:\/\/api.w.org\/{rel}","templated":true}]}}