{"id":87727,"date":"2021-03-09T11:45:52","date_gmt":"2021-03-09T11:45:52","guid":{"rendered":"https:\/\/www.irdin.org.br\/site\/?post_type=product&#038;p=87727"},"modified":"2026-04-08T12:51:10","modified_gmt":"2026-04-08T15:51:10","slug":"9786588468067","status":"publish","type":"product","link":"https:\/\/www.irdin.org.br\/site\/produtos\/9786588468067\/","title":{"rendered":"Conversas sobre Trigueirinho"},"content":{"rendered":"<p>TRIGUEIRINHO trabalhou pelo despertar interno da humanidade. Desde os anos 70, orienta, acalma e eleva buscadores da Verdade. Este livro de linguajar coloquial oferece vislumbres sobre o instrutor, atrav\u00e9s de relatos pessoais de seus disc\u00edpulos.<\/p>\n<p>Convidamos 21 membros da Obra criada por ele para relatarem seus percursos antes e depois do encontro com aquele que se tornou seu guia espiritual. No que tomaram contato com seus escritos ou ouviram suas palestras, foram sendo atra\u00eddos a comunidades criadas por ele nos anos 80. Encontr\u00e1-lo foi um b\u00e1lsamo. Sob sua orienta\u00e7\u00e3o, ingressaram em outra fase, focada no crescimento espiritual, no servi\u00e7o ao pr\u00f3ximo e aos Reinos da Natureza.<\/p>\n<p>As diversificadas experi\u00eancias e origens de quinze brasileiros, tr\u00eas argentinos, duas europeias e um americano estimulam a nossa aprendizagem de uni\u00e3o interna, t\u00e3o necess\u00e1ria para que o plano evolutivo se cumpra em cada espa\u00e7o da vida pessoal e planet\u00e1ria.<\/p>\n<p><a class=\"pdf\" href=\"\/pdf\/Conversas_sobre_Trigueirinho_WEB.pdf\" target=\"_blank\" rel=\"noopener\">Baixar Gratuitamente<\/a><\/p>\n<p><iframe loading=\"lazy\" title=\"LAN\u00c7AMENTO DO LIVRO: &quot;CONVERSAS SOBRE TRIGUEIRINHO&quot; - MAR\u00c7O 2021\" width=\"500\" height=\"281\" src=\"https:\/\/www.youtube.com\/embed\/oTZd3lAjR3k?list=PLxOs5L66MT9EgSGQq-8KO6pH1_4EHwgDi\" frameborder=\"0\" allow=\"accelerometer; autoplay; clipboard-write; encrypted-media; gyroscope; picture-in-picture; web-share\" referrerpolicy=\"strict-origin-when-cross-origin\" allowfullscreen><\/iframe><\/p>\n<p>&nbsp;<\/p>\n","protected":false},"excerpt":{"rendered":"<p>TRIGUEIRINHO trabalhou pelo despertar interno da humanidade. Desde os anos 70, orienta, acalma e eleva buscadores da Verdade. Este livro<\/p>\n","protected":false},"featured_media":87731,"template":"","meta":{"_acf_changed":false},"product_brand":[],"product_cat":[33286,17972],"product_tag":[],"class_list":{"0":"post-87727","1":"product","2":"type-product","3":"status-publish","4":"has-post-thumbnail","6":"product_cat-livro","7":"product_cat-livros-livro","8":"pa_autor-ana-regina-nogueira","9":"pa_codigo-de-barras-43945","10":"pa_edicao-17979","11":"pa_idioma-de-destino-portugues","12":"pa_idioma-de-origem-portugues","13":"pa_lancamento-yes","14":"pa_midia-papel","15":"pa_produto-fisico","16":"pa_quantidade-de-paginas-21901","18":"first","19":"instock","20":"featured","21":"purchasable","22":"product-type-simple"},"acf":[],"_links":{"self":[{"href":"https:\/\/www.irdin.org.br\/site\/wp-json\/wp\/v2\/product\/87727","targetHints":{"allow":["GET"]}}],"collection":[{"href":"https:\/\/www.irdin.org.br\/site\/wp-json\/wp\/v2\/product"}],"about":[{"href":"https:\/\/www.irdin.org.br\/site\/wp-json\/wp\/v2\/types\/product"}],"version-history":[{"count":3,"href":"https:\/\/www.irdin.org.br\/site\/wp-json\/wp\/v2\/product\/87727\/revisions"}],"predecessor-version":[{"id":109534,"href":"https:\/\/www.irdin.org.br\/site\/wp-json\/wp\/v2\/product\/87727\/revisions\/109534"}],"wp:featuredmedia":[{"embeddable":true,"href":"https:\/\/www.irdin.org.br\/site\/wp-json\/wp\/v2\/media\/87731"}],"wp:attachment":[{"href":"https:\/\/www.irdin.org.br\/site\/wp-json\/wp\/v2\/media?parent=87727"}],"wp:term":[{"taxonomy":"product_brand","embeddable":true,"href":"https:\/\/www.irdin.org.br\/site\/wp-json\/wp\/v2\/product_brand?post=87727"},{"taxonomy":"product_cat","embeddable":true,"href":"https:\/\/www.irdin.org.br\/site\/wp-json\/wp\/v2\/product_cat?post=87727"},{"taxonomy":"product_tag","embeddable":true,"href":"https:\/\/www.irdin.org.br\/site\/wp-json\/wp\/v2\/product_tag?post=87727"}],"curies":[{"name":"wp","href":"https:\/\/api.w.org\/{rel}","templated":true}]}}