{"id":87730,"date":"2021-03-09T13:30:06","date_gmt":"2021-03-09T13:30:06","guid":{"rendered":"https:\/\/www.irdin.org.br\/site\/?post_type=product&#038;p=87730"},"modified":"2026-04-04T14:14:22","modified_gmt":"2026-04-04T17:14:22","slug":"123456789126","status":"publish","type":"product","link":"https:\/\/www.irdin.org.br\/site\/produtos\/123456789126\/","title":{"rendered":"Guia Esfera &#8211; Usando as Normas Esferas em Cen\u00e1rios Urbanos &#8211; Parte 2"},"content":{"rendered":"<p>SOBRE ESTE GUIA:<\/p>\n<p>A edi\u00e7\u00e3o 2018 do Manual Esfera explicitamente incluiu, pela primeira vez, refer\u00eancias espec\u00edficas a cen\u00e1rios urbanos.<br \/>\nEste guia, a edi\u00e7\u00e3o 2020 de Usando as Normas Esfera em Cen\u00e1rios Urbanos, amplia esse trabalho. Ele se concentra nos quatro cap\u00edtulos t\u00e9cnicos do Manual Esfera, compreendendo Abastecimento de \u00e1gua, saneamento e promo\u00e7\u00e3o de higiene (WASH); Seguran\u00e7a alimentar e nutri\u00e7\u00e3o; Alojamento e assentamento, e Sa\u00fade.<\/p>\n<p>Inclui ferramentas e abordagens adicionais:<br \/>\nAn\u00e1lise de contexto, Avalia\u00e7\u00f5es, Identifica\u00e7\u00e3o de perfis e Defini\u00e7\u00e3o da popula\u00e7\u00e3o beneficiada;<br \/>\nAbordagens por setores e Recursos financeiros e mercados.<\/p>\n<p>Este guia segue a edi\u00e7\u00e3o Esfera de 2017 de Usando as Normas Esfera em Cen\u00e1rios Urbanos, escrito por Ben Mountfield. Ele n\u00e3o reproduz o conte\u00fado da edi\u00e7\u00e3o 2017; ao contr\u00e1rio, fornece material e informa\u00e7\u00f5es complementares.<\/p>\n<p>Todos os elementos do C\u00f3digo de Conduta, da Carta Humanit\u00e1ria, dos Princ\u00edpios de Prote\u00e7\u00e3o e da Norma Humanit\u00e1ria Essencial (NHE) s\u00e3o aplic\u00e1veis aos contextos urbanos.<\/p>\n<p><a class=\"pdf\" href=\"\/pdf\/Guia_Esfera_WEB.pdf\" target=\"_blank\" rel=\"noopener\">Baixar Gratuitamente<\/a><\/p>\n<p>&nbsp;<\/p>\n","protected":false},"excerpt":{"rendered":"<p>SOBRE ESTE GUIA: A edi\u00e7\u00e3o 2018 do Manual Esfera explicitamente incluiu, pela primeira vez, refer\u00eancias espec\u00edficas a cen\u00e1rios urbanos. Este<\/p>\n","protected":false},"featured_media":87733,"template":"","meta":{"_acf_changed":false},"product_brand":[],"product_cat":[33286,17972],"product_tag":[],"class_list":{"0":"post-87730","1":"product","2":"type-product","3":"status-publish","4":"has-post-thumbnail","6":"product_cat-livro","7":"product_cat-livros-livro","8":"pa_autor-sphere-association","9":"pa_classe-do-produto-fisico","10":"pa_idioma-de-destino-portugues","11":"pa_lancamento-yes","12":"pa_midia-papel","13":"pa_quantidade-de-paginas-43946","14":"pa_tipo-de-traducao-nao-classificado","16":"first","17":"instock","18":"purchasable","19":"product-type-simple"},"acf":[],"_links":{"self":[{"href":"https:\/\/www.irdin.org.br\/site\/wp-json\/wp\/v2\/product\/87730","targetHints":{"allow":["GET"]}}],"collection":[{"href":"https:\/\/www.irdin.org.br\/site\/wp-json\/wp\/v2\/product"}],"about":[{"href":"https:\/\/www.irdin.org.br\/site\/wp-json\/wp\/v2\/types\/product"}],"version-history":[{"count":2,"href":"https:\/\/www.irdin.org.br\/site\/wp-json\/wp\/v2\/product\/87730\/revisions"}],"predecessor-version":[{"id":87732,"href":"https:\/\/www.irdin.org.br\/site\/wp-json\/wp\/v2\/product\/87730\/revisions\/87732"}],"wp:featuredmedia":[{"embeddable":true,"href":"https:\/\/www.irdin.org.br\/site\/wp-json\/wp\/v2\/media\/87733"}],"wp:attachment":[{"href":"https:\/\/www.irdin.org.br\/site\/wp-json\/wp\/v2\/media?parent=87730"}],"wp:term":[{"taxonomy":"product_brand","embeddable":true,"href":"https:\/\/www.irdin.org.br\/site\/wp-json\/wp\/v2\/product_brand?post=87730"},{"taxonomy":"product_cat","embeddable":true,"href":"https:\/\/www.irdin.org.br\/site\/wp-json\/wp\/v2\/product_cat?post=87730"},{"taxonomy":"product_tag","embeddable":true,"href":"https:\/\/www.irdin.org.br\/site\/wp-json\/wp\/v2\/product_tag?post=87730"}],"curies":[{"name":"wp","href":"https:\/\/api.w.org\/{rel}","templated":true}]}}