{"id":88960,"date":"2022-04-08T11:33:43","date_gmt":"2022-04-08T11:33:43","guid":{"rendered":"https:\/\/www.irdin.org.br\/site\/?post_type=product&#038;p=88960"},"modified":"2026-04-04T14:15:22","modified_gmt":"2026-04-04T17:15:22","slug":"9786588468258","status":"publish","type":"product","link":"https:\/\/www.irdin.org.br\/site\/produtos\/9786588468258\/","title":{"rendered":"Poemas ao Imaculado Cora\u00e7\u00e3o de Maria"},"content":{"rendered":"<p>Por meio destes versos, as almas poder\u00e3o aproximar-se do Imaculado Cora\u00e7\u00e3o de Maria, sentir Sua Santa Paz e ser impulsionadas a trilhar o caminho do apostolado de Cristo, da viv\u00eancia do amor e do retorno ao Cora\u00e7\u00e3o de Deus.<\/p>\n<p><a class=\"pdf\" href=\"\/pdf\/Poemas ao Imaculado Cora\u00e7\u00e3o de Maria_WEB.pdf\" target=\"_blank\" rel=\"noopener\">Baixar Gratuitamente<\/a><\/p>\n<p>&nbsp;<\/p>\n","protected":false},"excerpt":{"rendered":"<p>Por meio destes versos, as almas poder\u00e3o aproximar-se do Imaculado Cora\u00e7\u00e3o de Maria, sentir Sua Santa Paz e ser impulsionadas<\/p>\n","protected":false},"featured_media":88963,"template":"","meta":{"_acf_changed":false},"product_brand":[],"product_cat":[33286,17972],"product_tag":[],"class_list":{"0":"post-88960","1":"product","2":"type-product","3":"status-publish","4":"has-post-thumbnail","6":"product_cat-livro","7":"product_cat-livros-livro","8":"pa_autor-frei-elias-del-sagrado-corazon","9":"pa_autor-madre-maria-shimani","10":"pa_classe-do-produto-fisico","11":"pa_codigo-de-barras-43973","12":"pa_idioma-de-destino-portugues","13":"pa_idioma-de-origem-espanhol","14":"pa_lancamento-yes","15":"pa_midia-papel","16":"pa_quantidade-de-paginas-43972","17":"pa_quantidade-de-saldo-32994","18":"pa_tipo-de-traducao-nao-classificado","20":"first","21":"instock","22":"purchasable","23":"product-type-simple"},"acf":[],"_links":{"self":[{"href":"https:\/\/www.irdin.org.br\/site\/wp-json\/wp\/v2\/product\/88960","targetHints":{"allow":["GET"]}}],"collection":[{"href":"https:\/\/www.irdin.org.br\/site\/wp-json\/wp\/v2\/product"}],"about":[{"href":"https:\/\/www.irdin.org.br\/site\/wp-json\/wp\/v2\/types\/product"}],"version-history":[{"count":2,"href":"https:\/\/www.irdin.org.br\/site\/wp-json\/wp\/v2\/product\/88960\/revisions"}],"predecessor-version":[{"id":106478,"href":"https:\/\/www.irdin.org.br\/site\/wp-json\/wp\/v2\/product\/88960\/revisions\/106478"}],"wp:featuredmedia":[{"embeddable":true,"href":"https:\/\/www.irdin.org.br\/site\/wp-json\/wp\/v2\/media\/88963"}],"wp:attachment":[{"href":"https:\/\/www.irdin.org.br\/site\/wp-json\/wp\/v2\/media?parent=88960"}],"wp:term":[{"taxonomy":"product_brand","embeddable":true,"href":"https:\/\/www.irdin.org.br\/site\/wp-json\/wp\/v2\/product_brand?post=88960"},{"taxonomy":"product_cat","embeddable":true,"href":"https:\/\/www.irdin.org.br\/site\/wp-json\/wp\/v2\/product_cat?post=88960"},{"taxonomy":"product_tag","embeddable":true,"href":"https:\/\/www.irdin.org.br\/site\/wp-json\/wp\/v2\/product_tag?post=88960"}],"curies":[{"name":"wp","href":"https:\/\/api.w.org\/{rel}","templated":true}]}}