{"id":88967,"date":"2022-04-08T12:09:27","date_gmt":"2022-04-08T12:09:27","guid":{"rendered":"https:\/\/www.irdin.org.br\/site\/?post_type=product&#038;p=88967"},"modified":"2022-04-12T12:35:27","modified_gmt":"2022-04-12T12:35:27","slug":"poems-to-the-immaculate-heart-of-mary","status":"publish","type":"product","link":"https:\/\/www.irdin.org.br\/site\/produtos\/poems-to-the-immaculate-heart-of-mary\/","title":{"rendered":"Poems to the Immaculate Heart of Mary"},"content":{"rendered":"<p>During the months of May and June of 2020, the Virgin Mary, with Her Face of the Rose of Peace, transmitted a series of fifty poems, called Poems to the Immaculate Heart of Mary, through the visionary Friar El\u00edas del Sagrado Coraz\u00f3n de Jes\u00fas, a monk of the Grace Mercy Order.These Poems guide us to a profound union with the Virgin Mary, who leads us by the hand to the encounter with Her beloved Son Jesus.<\/p>\n<p><a class=\"pdf\" href=\"\/pdf\/Poems to the Immaculate Heart of Mary_WEB.pdf\" target=\"_blank\" rel=\"noopener\">Baixar Gratuitamente<\/a><\/p>\n<p>&nbsp;<\/p>\n","protected":false},"excerpt":{"rendered":"<p>During the months of May and June of 2020, the Virgin Mary, with Her Face of the Rose of Peace,<\/p>\n","protected":false},"featured_media":88968,"template":"","meta":{"_acf_changed":false},"product_brand":[],"product_cat":[33286,17972],"product_tag":[],"class_list":{"0":"post-88967","1":"product","2":"type-product","3":"status-publish","4":"has-post-thumbnail","6":"product_cat-livro","7":"product_cat-livros-livro","8":"pa_autor-frei-elias-del-sagrado-corazon","9":"pa_autor-madre-maria-shimani","10":"pa_classe-do-produto-digital","11":"pa_codigo-de-barras-43975","12":"pa_idioma-de-destino-ingles","13":"pa_idioma-de-origem-espanhol","14":"pa_lancamento-yes","15":"pa_midia-digital","16":"pa_quantidade-de-paginas-43972","17":"pa_quantidade-de-saldo-32994","18":"pa_tipo-de-traducao-nao-classificado","20":"first","21":"outofstock","22":"product-type-simple"},"acf":[],"_links":{"self":[{"href":"https:\/\/www.irdin.org.br\/site\/wp-json\/wp\/v2\/product\/88967","targetHints":{"allow":["GET"]}}],"collection":[{"href":"https:\/\/www.irdin.org.br\/site\/wp-json\/wp\/v2\/product"}],"about":[{"href":"https:\/\/www.irdin.org.br\/site\/wp-json\/wp\/v2\/types\/product"}],"version-history":[{"count":1,"href":"https:\/\/www.irdin.org.br\/site\/wp-json\/wp\/v2\/product\/88967\/revisions"}],"predecessor-version":[{"id":88969,"href":"https:\/\/www.irdin.org.br\/site\/wp-json\/wp\/v2\/product\/88967\/revisions\/88969"}],"wp:featuredmedia":[{"embeddable":true,"href":"https:\/\/www.irdin.org.br\/site\/wp-json\/wp\/v2\/media\/88968"}],"wp:attachment":[{"href":"https:\/\/www.irdin.org.br\/site\/wp-json\/wp\/v2\/media?parent=88967"}],"wp:term":[{"taxonomy":"product_brand","embeddable":true,"href":"https:\/\/www.irdin.org.br\/site\/wp-json\/wp\/v2\/product_brand?post=88967"},{"taxonomy":"product_cat","embeddable":true,"href":"https:\/\/www.irdin.org.br\/site\/wp-json\/wp\/v2\/product_cat?post=88967"},{"taxonomy":"product_tag","embeddable":true,"href":"https:\/\/www.irdin.org.br\/site\/wp-json\/wp\/v2\/product_tag?post=88967"}],"curies":[{"name":"wp","href":"https:\/\/api.w.org\/{rel}","templated":true}]}}