{"id":89240,"date":"2022-07-22T13:50:28","date_gmt":"2022-07-22T13:50:28","guid":{"rendered":"https:\/\/www.irdin.org.br\/site\/?post_type=product&#038;p=89240"},"modified":"2026-03-16T12:37:00","modified_gmt":"2026-03-16T15:37:00","slug":"9786588468180","status":"publish","type":"product","link":"https:\/\/www.irdin.org.br\/site\/produtos\/9786588468180\/","title":{"rendered":"P\u00e1ginas de Amor Y Comprensi\u00f3n"},"content":{"rendered":"<p>La transformaci\u00f3n del hombre es como amasar un barro que, a pesar de encontrarse en las manos, bajo un relativo control, de repente se escapa entre los dedos.<br \/>\nEn esos momentos, solo queda abrirse a la cura y proseguir, sabiendo que sin la Gracia nada se consigue.<br \/>\nEn esta \u00e9poca de grandes oportunidades, existen condiciones para que muchos seres encuentren la energ\u00eda que necesitan y, vali\u00e9ndose de las energ\u00eda que le fueron confiadas, realicen lo que les corresponde en la consecuci\u00f3n del prop\u00f3sito espiritual del planeta.<br \/>\nAl ingresar en la nueva etapa, la humanidad dejar\u00e1 todo lo que almacen\u00f3 y piense que posee, pues solo puede perfeccionarse a medida que le sean retirados los elementos que distorsionan su percepci\u00f3n. Para sumergirse en el gran oc\u00e9ano de la Verdad, necesita ir m\u00e1s all\u00e1 de las propias fronteras, llegar a las m\u00e1rgenes del Infinito y, con coraje, lanzarse en \u00e9l.<\/p>\n<p><a class=\"pdf\" href=\"\/pdf\/Paginas_de_amor_y_comprension_WEB.pdf\" target=\"_blank\" rel=\"noopener\">Baixar Gratuitamente<\/a><\/p>\n<p>&nbsp;<\/p>\n","protected":false},"excerpt":{"rendered":"<p>La transformaci\u00f3n del hombre es como amasar un barro que, a pesar de encontrarse en las manos, bajo un relativo<\/p>\n","protected":false},"featured_media":89246,"template":"","meta":{"_acf_changed":false},"product_brand":[],"product_cat":[33286,17972],"product_tag":[],"class_list":{"0":"post-89240","1":"product","2":"type-product","3":"status-publish","4":"has-post-thumbnail","6":"product_cat-livro","7":"product_cat-livros-livro","8":"pa_autor-trigueirinho","9":"pa_classe-do-produto-fisico","10":"pa_codigo-de-barras-43977","11":"pa_idioma-de-destino-espanhol","12":"pa_lancamento-yes","13":"pa_midia-papel","14":"pa_quantidade-de-paginas-23537","15":"pa_tipo-de-traducao-nao-classificado","17":"first","18":"instock","19":"purchasable","20":"product-type-simple"},"acf":[],"_links":{"self":[{"href":"https:\/\/www.irdin.org.br\/site\/wp-json\/wp\/v2\/product\/89240","targetHints":{"allow":["GET"]}}],"collection":[{"href":"https:\/\/www.irdin.org.br\/site\/wp-json\/wp\/v2\/product"}],"about":[{"href":"https:\/\/www.irdin.org.br\/site\/wp-json\/wp\/v2\/types\/product"}],"version-history":[{"count":1,"href":"https:\/\/www.irdin.org.br\/site\/wp-json\/wp\/v2\/product\/89240\/revisions"}],"predecessor-version":[{"id":106390,"href":"https:\/\/www.irdin.org.br\/site\/wp-json\/wp\/v2\/product\/89240\/revisions\/106390"}],"wp:featuredmedia":[{"embeddable":true,"href":"https:\/\/www.irdin.org.br\/site\/wp-json\/wp\/v2\/media\/89246"}],"wp:attachment":[{"href":"https:\/\/www.irdin.org.br\/site\/wp-json\/wp\/v2\/media?parent=89240"}],"wp:term":[{"taxonomy":"product_brand","embeddable":true,"href":"https:\/\/www.irdin.org.br\/site\/wp-json\/wp\/v2\/product_brand?post=89240"},{"taxonomy":"product_cat","embeddable":true,"href":"https:\/\/www.irdin.org.br\/site\/wp-json\/wp\/v2\/product_cat?post=89240"},{"taxonomy":"product_tag","embeddable":true,"href":"https:\/\/www.irdin.org.br\/site\/wp-json\/wp\/v2\/product_tag?post=89240"}],"curies":[{"name":"wp","href":"https:\/\/api.w.org\/{rel}","templated":true}]}}