{"id":89531,"date":"2022-11-18T10:19:01","date_gmt":"2022-11-18T10:19:01","guid":{"rendered":"https:\/\/www.irdin.org.br\/site\/?post_type=product&#038;p=89531"},"modified":"2026-04-08T08:42:39","modified_gmt":"2026-04-08T11:42:39","slug":"9786588468760","status":"publish","type":"product","link":"https:\/\/www.irdin.org.br\/site\/produtos\/9786588468760\/","title":{"rendered":"Ros\u00e1rio pela Salva\u00e7\u00e3o dos Reinos da Natureza"},"content":{"rendered":"<p>A Virgem Maria transmitiu em 2014 a Trilogia Espiritual de Ora\u00e7\u00e3o para o fim dos tempos, como um pedido urgente para equil\u00edbrio do planeta e pela convers\u00e3o das almas. O Ros\u00e1rio pela Salva\u00e7\u00e3o dos Reinos da Natureza \u00e9 um exerc\u00edcio espiritual de s\u00faplica para que os Reinos da Natureza presentes neste planeta recebam a gra\u00e7a dos Mensageiros Divinos, atrav\u00e9s de Seus Dons.<\/p>\n<p>\u201cPara que Deus n\u00e3o derrame Sua ira e Sua justi\u00e7a sobre o mundo, venho entregar-lhes o Ros\u00e1rio pela Salva\u00e7\u00e3o dos<br \/>\nReinos da Natureza\u201d.<\/p>\n<p>* Livro acompanha encarte para colorir<\/p>\n<p><a class=\"pdf\" href=\"\/pdf\/Rosario_pela_Salvacao_dos_Reinos_da_Natureza.pdf\" target=\"_blank\" rel=\"noopener\">&#8220;Baixar Gratuitamente Ros\u00e1rio&#8221;<\/a><\/p>\n<p>&nbsp;<\/p>\n<p><a class=\"pdf\" href=\"\/pdf\/Livro de Colorir Rosario pela Salvacao.pdf\" target=\"_blank\" rel=\"noopener\">&#8220;Baixar Livro de Colorir&#8221;<\/a><\/p>\n<p><iframe loading=\"lazy\" title=\"LIVRO: Ros\u00e1rio pela Salva\u00e7\u00e3o dos Reinos da Natureza\" width=\"500\" height=\"281\" src=\"https:\/\/www.youtube.com\/embed\/aTsuLRXca20?feature=oembed\" frameborder=\"0\" allow=\"accelerometer; autoplay; clipboard-write; encrypted-media; gyroscope; picture-in-picture; web-share\" referrerpolicy=\"strict-origin-when-cross-origin\" allowfullscreen><\/iframe><\/p>\n<p>&nbsp;<\/p>\n","protected":false},"excerpt":{"rendered":"<p>A Virgem Maria transmitiu em 2014 a Trilogia Espiritual de Ora\u00e7\u00e3o para o fim dos tempos, como um pedido urgente<\/p>\n","protected":false},"featured_media":89532,"template":"","meta":{"_acf_changed":false},"product_brand":[],"product_cat":[33286,17972],"product_tag":[],"class_list":{"0":"post-89531","1":"product","2":"type-product","3":"status-publish","4":"has-post-thumbnail","6":"product_cat-livro","7":"product_cat-livros-livro","8":"pa_autor-frei-elias-del-sagrado-corazon","9":"pa_autor-madre-maria-shimani","10":"pa_classe-do-produto-fisico","11":"pa_codigo-de-barras-44220","12":"pa_edicao-17979","13":"pa_idioma-de-destino-espanhol","14":"pa_idioma-de-destino-ingles","15":"pa_idioma-de-destino-portugues","16":"pa_idioma-de-origem-espanhol","17":"pa_lancamento-yes","18":"pa_midia-papel","19":"pa_quantidade-de-paginas-22728","20":"pa_quantidade-de-saldo-32994","21":"pa_tipo-de-traducao-nao-classificado","23":"first","24":"instock","25":"purchasable","26":"product-type-simple"},"acf":[],"_links":{"self":[{"href":"https:\/\/www.irdin.org.br\/site\/wp-json\/wp\/v2\/product\/89531","targetHints":{"allow":["GET"]}}],"collection":[{"href":"https:\/\/www.irdin.org.br\/site\/wp-json\/wp\/v2\/product"}],"about":[{"href":"https:\/\/www.irdin.org.br\/site\/wp-json\/wp\/v2\/types\/product"}],"version-history":[{"count":3,"href":"https:\/\/www.irdin.org.br\/site\/wp-json\/wp\/v2\/product\/89531\/revisions"}],"predecessor-version":[{"id":89533,"href":"https:\/\/www.irdin.org.br\/site\/wp-json\/wp\/v2\/product\/89531\/revisions\/89533"}],"wp:featuredmedia":[{"embeddable":true,"href":"https:\/\/www.irdin.org.br\/site\/wp-json\/wp\/v2\/media\/89532"}],"wp:attachment":[{"href":"https:\/\/www.irdin.org.br\/site\/wp-json\/wp\/v2\/media?parent=89531"}],"wp:term":[{"taxonomy":"product_brand","embeddable":true,"href":"https:\/\/www.irdin.org.br\/site\/wp-json\/wp\/v2\/product_brand?post=89531"},{"taxonomy":"product_cat","embeddable":true,"href":"https:\/\/www.irdin.org.br\/site\/wp-json\/wp\/v2\/product_cat?post=89531"},{"taxonomy":"product_tag","embeddable":true,"href":"https:\/\/www.irdin.org.br\/site\/wp-json\/wp\/v2\/product_tag?post=89531"}],"curies":[{"name":"wp","href":"https:\/\/api.w.org\/{rel}","templated":true}]}}